{"id":1099,"date":"2023-03-16T19:05:02","date_gmt":"2023-03-16T18:05:02","guid":{"rendered":"https:\/\/www.kiwanis-em.de\/?page_id=1099"},"modified":"2023-07-15T08:32:39","modified_gmt":"2023-07-15T06:32:39","slug":"kiwanis-bruecke-ins-leben-2023","status":"publish","type":"page","link":"https:\/\/www.kiwanis-em.de\/index.php\/kiwanis-bruecke-ins-leben-2023\/","title":{"rendered":"Kiwanis Br\u00fccke ins Leben 2023"},"content":{"rendered":"\n<figure class=\"wp-block-image size-full\"><img loading=\"lazy\" decoding=\"async\" width=\"1024\" height=\"257\" src=\"https:\/\/www.kiwanis-em.de\/wp-content\/uploads\/2023\/06\/KBIL_Image_01.jpg\" alt=\"Kiwanis Br\u00fccke ins Leben - \nCharity-Sommerfest -\" class=\"wp-image-1221\" srcset=\"https:\/\/www.kiwanis-em.de\/wp-content\/uploads\/2023\/06\/KBIL_Image_01.jpg 1024w, https:\/\/www.kiwanis-em.de\/wp-content\/uploads\/2023\/06\/KBIL_Image_01-300x75.jpg 300w, https:\/\/www.kiwanis-em.de\/wp-content\/uploads\/2023\/06\/KBIL_Image_01-768x193.jpg 768w\" sizes=\"auto, (max-width: 1024px) 100vw, 1024px\" \/><\/figure>\n\n\n\n<blockquote class=\"wp-block-quote is-layout-flow wp-block-quote-is-layout-flow\">\n<p class=\"has-medium-font-size\"><strong><mark style=\"background-color:rgba(0, 0, 0, 0)\" class=\"has-inline-color has-vivid-cyan-blue-color\">&#8222;Benefizabend zugunsten U25 \u2013 Suizidpr\u00e4vention f\u00fcr Jugendliche.<br>Schirmherrschaft Christina Ginter von der Ginterstiftung.&#8220;<\/mark><\/strong><\/p>\n<\/blockquote>\n\n\n\n<h2 class=\"wp-block-heading\">WEINGUT H\u00d6FFLIN<br>Samstag, 15. Juli 2023,17.00 Uhr<\/h2>\n\n\n\n<div class=\"wp-block-columns is-layout-flex wp-container-core-columns-is-layout-9d6595d7 wp-block-columns-is-layout-flex\">\n<div class=\"wp-block-column is-layout-flow wp-block-column-is-layout-flow\" style=\"flex-basis:33.33%\">\n<figure class=\"wp-block-image size-full is-resized is-style-default\"><img loading=\"lazy\" decoding=\"async\" src=\"https:\/\/www.kiwanis-em.de\/wp-content\/uploads\/2023\/06\/KBIL_Image_03.jpg\" alt=\"\" class=\"wp-image-1223\" width=\"500\" height=\"500\"\/><\/figure>\n<\/div>\n\n\n\n<div class=\"wp-block-column is-layout-flow wp-block-column-is-layout-flow\" style=\"flex-basis:66.66%\">\n<figure class=\"wp-block-image size-full is-resized\"><img loading=\"lazy\" decoding=\"async\" src=\"https:\/\/www.kiwanis-em.de\/wp-content\/uploads\/2023\/06\/KBIL_Image_04.jpg\" alt=\"\" class=\"wp-image-1224\" width=\"650\" height=\"200\"\/><\/figure>\n<\/div>\n<\/div>\n\n\n\n<p class=\"has-medium-font-size\"><strong>Die Kiwanis Clubs verw\u00f6hnen Sie mit Speisen und Getr\u00e4nken.<\/strong><\/p>\n\n\n\n<p class=\"has-medium-font-size\">Ticketpreis: 5,00 \u20ac, Einlass ab 17 Uhr<br>Vorverkaufsstellen: Goldschmiede D\u00e9tail, Emmendingen; Hotel Victoria,<br>Freiburg und Weingut H\u00f6fflin, B\u00f6tzingen<br>N\u00e4here Infos zum Projekt unter <a rel=\"noreferrer noopener\" href=\"http:\/\/www.u25-freiburg.de\" target=\"_blank\">www.u25-freiburg.de<\/a><\/p>\n\n\n\n<blockquote class=\"wp-block-quote is-layout-flow wp-block-quote-is-layout-flow\">\n<p class=\"has-vivid-cyan-blue-color has-text-color has-medium-font-size\">Den Kartenverkauf \u00fcber PayPal habe wir aus organisatorischen Gr\u00fcnden geschlossen &#8211; <\/p>\n\n\n\n<p class=\"has-vivid-cyan-blue-color has-text-color has-medium-font-size\">&#8222;<strong>Es gibt aber noch Karten an der Abendkasse<\/strong>&#8220;  <\/p>\n<\/blockquote>\n\n\n\n<hr class=\"wp-block-separator has-alpha-channel-opacity\"\/>\n\n\n\n<figure class=\"wp-block-gallery has-nested-images columns-default is-cropped wp-block-gallery-1 is-layout-flex wp-block-gallery-is-layout-flex\">\n<figure class=\"wp-block-image size-large\"><a href=\"https:\/\/www.schmolck.de\/\" target=\"_blank\" rel=\"noreferrer noopener\"><img loading=\"lazy\" decoding=\"async\" width=\"680\" height=\"240\" data-id=\"1220\" src=\"https:\/\/www.kiwanis-em.de\/wp-content\/uploads\/2023\/06\/KBIL23_Schmolck.jpg\" alt=\"\" class=\"wp-image-1220\" srcset=\"https:\/\/www.kiwanis-em.de\/wp-content\/uploads\/2023\/06\/KBIL23_Schmolck.jpg 680w, https:\/\/www.kiwanis-em.de\/wp-content\/uploads\/2023\/06\/KBIL23_Schmolck-300x106.jpg 300w\" sizes=\"auto, (max-width: 680px) 100vw, 680px\" \/><\/a><\/figure>\n\n\n\n<figure class=\"wp-block-image size-large\"><a href=\"https:\/\/buddystar.de\/\" target=\"_blank\" rel=\"noreferrer noopener\"><img loading=\"lazy\" decoding=\"async\" width=\"680\" height=\"240\" data-id=\"1213\" src=\"https:\/\/www.kiwanis-em.de\/wp-content\/uploads\/2023\/06\/KBIL23_BuddyStar.jpg\" alt=\"\" class=\"wp-image-1213\" srcset=\"https:\/\/www.kiwanis-em.de\/wp-content\/uploads\/2023\/06\/KBIL23_BuddyStar.jpg 680w, https:\/\/www.kiwanis-em.de\/wp-content\/uploads\/2023\/06\/KBIL23_BuddyStar-300x106.jpg 300w\" sizes=\"auto, (max-width: 680px) 100vw, 680px\" \/><\/a><\/figure>\n\n\n\n<figure class=\"wp-block-image size-large\"><a href=\"https:\/\/www.rast-reisen.de\/\" target=\"_blank\" rel=\"noreferrer noopener\"><img loading=\"lazy\" decoding=\"async\" width=\"680\" height=\"240\" data-id=\"1218\" src=\"https:\/\/www.kiwanis-em.de\/wp-content\/uploads\/2023\/06\/KBIL23_Rast.jpg\" alt=\"\" class=\"wp-image-1218\" srcset=\"https:\/\/www.kiwanis-em.de\/wp-content\/uploads\/2023\/06\/KBIL23_Rast.jpg 680w, https:\/\/www.kiwanis-em.de\/wp-content\/uploads\/2023\/06\/KBIL23_Rast-300x106.jpg 300w\" sizes=\"auto, (max-width: 680px) 100vw, 680px\" \/><\/a><\/figure>\n\n\n\n<figure class=\"wp-block-image size-large\"><a href=\"https:\/\/www.bauer-ag.de\/\" target=\"_blank\" rel=\"noreferrer noopener\"><img loading=\"lazy\" decoding=\"async\" width=\"680\" height=\"240\" data-id=\"1212\" src=\"https:\/\/www.kiwanis-em.de\/wp-content\/uploads\/2023\/06\/KBIL23_Bauer.jpg\" alt=\"\" class=\"wp-image-1212\" srcset=\"https:\/\/www.kiwanis-em.de\/wp-content\/uploads\/2023\/06\/KBIL23_Bauer.jpg 680w, https:\/\/www.kiwanis-em.de\/wp-content\/uploads\/2023\/06\/KBIL23_Bauer-300x106.jpg 300w\" sizes=\"auto, (max-width: 680px) 100vw, 680px\" \/><\/a><\/figure>\n\n\n\n<figure class=\"wp-block-image size-large\"><a href=\"https:\/\/www.ruf-schlenker.de\/\" target=\"_blank\" rel=\"noreferrer noopener\"><img loading=\"lazy\" decoding=\"async\" width=\"680\" height=\"240\" data-id=\"1219\" src=\"https:\/\/www.kiwanis-em.de\/wp-content\/uploads\/2023\/06\/KBIL23_RudUndSchlenker.jpg\" alt=\"\" class=\"wp-image-1219\" srcset=\"https:\/\/www.kiwanis-em.de\/wp-content\/uploads\/2023\/06\/KBIL23_RudUndSchlenker.jpg 680w, https:\/\/www.kiwanis-em.de\/wp-content\/uploads\/2023\/06\/KBIL23_RudUndSchlenker-300x106.jpg 300w\" sizes=\"auto, (max-width: 680px) 100vw, 680px\" \/><\/a><\/figure>\n\n\n\n<figure class=\"wp-block-image size-large\"><a href=\"https:\/\/www.aok.de\/\" target=\"_blank\" rel=\"noreferrer noopener\"><img loading=\"lazy\" decoding=\"async\" width=\"680\" height=\"240\" data-id=\"1211\" src=\"https:\/\/www.kiwanis-em.de\/wp-content\/uploads\/2023\/06\/KBIL23_AOK.jpg\" alt=\"\" class=\"wp-image-1211\" srcset=\"https:\/\/www.kiwanis-em.de\/wp-content\/uploads\/2023\/06\/KBIL23_AOK.jpg 680w, https:\/\/www.kiwanis-em.de\/wp-content\/uploads\/2023\/06\/KBIL23_AOK-300x106.jpg 300w\" sizes=\"auto, (max-width: 680px) 100vw, 680px\" \/><\/a><\/figure>\n\n\n\n<figure class=\"wp-block-image size-large\"><a href=\"https:\/\/www.weingut-hoefflin.de\/\" target=\"_blank\" rel=\"noreferrer noopener\"><img loading=\"lazy\" decoding=\"async\" width=\"680\" height=\"240\" data-id=\"1214\" src=\"https:\/\/www.kiwanis-em.de\/wp-content\/uploads\/2023\/06\/KBIL23_Hoefflin.jpg\" alt=\"\" class=\"wp-image-1214\" srcset=\"https:\/\/www.kiwanis-em.de\/wp-content\/uploads\/2023\/06\/KBIL23_Hoefflin.jpg 680w, https:\/\/www.kiwanis-em.de\/wp-content\/uploads\/2023\/06\/KBIL23_Hoefflin-300x106.jpg 300w\" sizes=\"auto, (max-width: 680px) 100vw, 680px\" \/><\/a><\/figure>\n\n\n\n<figure class=\"wp-block-image size-large\"><a href=\"https:\/\/www.bmw-maertin.de\/\" target=\"_blank\" rel=\"noreferrer noopener\"><img loading=\"lazy\" decoding=\"async\" width=\"680\" height=\"240\" data-id=\"1216\" src=\"https:\/\/www.kiwanis-em.de\/wp-content\/uploads\/2023\/06\/KBIL23_Maertin.jpg\" alt=\"\" class=\"wp-image-1216\" srcset=\"https:\/\/www.kiwanis-em.de\/wp-content\/uploads\/2023\/06\/KBIL23_Maertin.jpg 680w, https:\/\/www.kiwanis-em.de\/wp-content\/uploads\/2023\/06\/KBIL23_Maertin-300x106.jpg 300w\" sizes=\"auto, (max-width: 680px) 100vw, 680px\" \/><\/a><\/figure>\n\n\n\n<figure class=\"wp-block-image size-large\"><a href=\"https:\/\/www.mcdonalds.com\/de\/de-de\/restaurant-suche.html\/l\/emmendingen\/dammweg-2-2\/500\" target=\"_blank\" rel=\"noreferrer noopener\"><img loading=\"lazy\" decoding=\"async\" width=\"680\" height=\"240\" data-id=\"1217\" src=\"https:\/\/www.kiwanis-em.de\/wp-content\/uploads\/2023\/06\/KBIL23_McDonaldsEM.jpg\" alt=\"\" class=\"wp-image-1217\" srcset=\"https:\/\/www.kiwanis-em.de\/wp-content\/uploads\/2023\/06\/KBIL23_McDonaldsEM.jpg 680w, https:\/\/www.kiwanis-em.de\/wp-content\/uploads\/2023\/06\/KBIL23_McDonaldsEM-300x106.jpg 300w\" sizes=\"auto, (max-width: 680px) 100vw, 680px\" \/><\/a><\/figure>\n\n\n\n<figure class=\"wp-block-image size-large\"><a href=\"https:\/\/www.jobrad.org\/\" target=\"_blank\" rel=\"noreferrer noopener\"><img loading=\"lazy\" decoding=\"async\" width=\"680\" height=\"240\" data-id=\"1215\" src=\"https:\/\/www.kiwanis-em.de\/wp-content\/uploads\/2023\/06\/KBIL23_JobRad.jpg\" alt=\"\" class=\"wp-image-1215\" srcset=\"https:\/\/www.kiwanis-em.de\/wp-content\/uploads\/2023\/06\/KBIL23_JobRad.jpg 680w, https:\/\/www.kiwanis-em.de\/wp-content\/uploads\/2023\/06\/KBIL23_JobRad-300x106.jpg 300w\" sizes=\"auto, (max-width: 680px) 100vw, 680px\" \/><\/a><\/figure>\n\n\n\n<figure class=\"wp-block-image size-large\"><img loading=\"lazy\" decoding=\"async\" width=\"680\" height=\"240\" data-id=\"1276\" src=\"https:\/\/www.kiwanis-em.de\/wp-content\/uploads\/2023\/06\/KBIL23_Dummy02.jpg\" alt=\"\" class=\"wp-image-1276\" srcset=\"https:\/\/www.kiwanis-em.de\/wp-content\/uploads\/2023\/06\/KBIL23_Dummy02.jpg 680w, https:\/\/www.kiwanis-em.de\/wp-content\/uploads\/2023\/06\/KBIL23_Dummy02-300x106.jpg 300w\" sizes=\"auto, (max-width: 680px) 100vw, 680px\" \/><\/figure>\n\n\n\n<figure class=\"wp-block-image size-large\"><img loading=\"lazy\" decoding=\"async\" width=\"680\" height=\"240\" data-id=\"1275\" src=\"https:\/\/www.kiwanis-em.de\/wp-content\/uploads\/2023\/06\/KBIL23_Dummy01.jpg\" alt=\"\" class=\"wp-image-1275\" srcset=\"https:\/\/www.kiwanis-em.de\/wp-content\/uploads\/2023\/06\/KBIL23_Dummy01.jpg 680w, https:\/\/www.kiwanis-em.de\/wp-content\/uploads\/2023\/06\/KBIL23_Dummy01-300x106.jpg 300w\" sizes=\"auto, (max-width: 680px) 100vw, 680px\" \/><\/figure>\n<\/figure>\n\n\n\n<hr class=\"wp-block-separator has-alpha-channel-opacity\"\/>\n\n\n\n<h2 class=\"wp-block-heading\">Programm<\/h2>\n\n\n\n<p class=\"has-medium-font-size\">\u2013 Musikband Captain Morgan Musik und Entertainment<br>\u2013 Versteigerung von Weinen, Trikots, etc.<br>\u2013 K\u00fcnstler Fran\u00e7oise<br>\u2013 Kinderprogramm \u201eBasteln mit Adelheid\u201c<\/p>\n\n\n\n<div style=\"height:29px\" aria-hidden=\"true\" class=\"wp-block-spacer\"><\/div>\n\n\n\n<p>Infos zu <a href=\"https:\/\/www.kiwanis-bruecke-ins-leben.de\/\" target=\"_blank\" rel=\"noreferrer noopener\">Kiwanis Br\u00fccke ins Leben<\/a><\/p>\n","protected":false},"excerpt":{"rendered":"<p>&#8222;Benefizabend zugunsten U25 \u2013 Suizidpr\u00e4vention f\u00fcr Jugendliche.Schirmherrschaft Christina Ginter von der Ginterstiftung.&#8220; WEINGUT H\u00d6FFLINSamstag, 15. Juli 2023,17.00 Uhr Die Kiwanis Clubs verw\u00f6hnen Sie mit Speisen&hellip;<\/p>\n","protected":false},"author":1,"featured_media":0,"parent":0,"menu_order":0,"comment_status":"closed","ping_status":"closed","template":"","meta":{"footnotes":""},"class_list":["post-1099","page","type-page","status-publish","hentry"],"_links":{"self":[{"href":"https:\/\/www.kiwanis-em.de\/index.php\/wp-json\/wp\/v2\/pages\/1099","targetHints":{"allow":["GET"]}}],"collection":[{"href":"https:\/\/www.kiwanis-em.de\/index.php\/wp-json\/wp\/v2\/pages"}],"about":[{"href":"https:\/\/www.kiwanis-em.de\/index.php\/wp-json\/wp\/v2\/types\/page"}],"author":[{"embeddable":true,"href":"https:\/\/www.kiwanis-em.de\/index.php\/wp-json\/wp\/v2\/users\/1"}],"replies":[{"embeddable":true,"href":"https:\/\/www.kiwanis-em.de\/index.php\/wp-json\/wp\/v2\/comments?post=1099"}],"version-history":[{"count":48,"href":"https:\/\/www.kiwanis-em.de\/index.php\/wp-json\/wp\/v2\/pages\/1099\/revisions"}],"predecessor-version":[{"id":1334,"href":"https:\/\/www.kiwanis-em.de\/index.php\/wp-json\/wp\/v2\/pages\/1099\/revisions\/1334"}],"wp:attachment":[{"href":"https:\/\/www.kiwanis-em.de\/index.php\/wp-json\/wp\/v2\/media?parent=1099"}],"curies":[{"name":"wp","href":"https:\/\/api.w.org\/{rel}","templated":true}]}}