{"id":1495,"date":"2024-09-11T08:59:28","date_gmt":"2024-09-11T06:59:28","guid":{"rendered":"https:\/\/www.kiwanis-em.de\/?page_id=1495"},"modified":"2025-11-27T09:57:05","modified_gmt":"2025-11-27T08:57:05","slug":"kiwanis-benefiz-eisstock-turnier","status":"publish","type":"page","link":"https:\/\/www.kiwanis-em.de\/index.php\/kiwanis-benefiz-eisstock-turnier\/","title":{"rendered":"2.Emmendinger Benefiz Eisstock-Turnier 2025"},"content":{"rendered":"\n<blockquote class=\"wp-block-quote is-layout-flow wp-block-quote-is-layout-flow\">\n<p>   &#8230; <\/p>\n<\/blockquote>\n\n\n\n<div class=\"wp-block-media-text has-media-on-the-right is-vertically-aligned-top\" style=\"grid-template-columns:auto 35%\"><div class=\"wp-block-media-text__content\">\n<p>Unter der Schirmherrschaft von Oberb\u00fcrgermeister Stefan Schlatterer und in Zusammenarbeit mit KAROevents veranstaltet der gemeinn\u00fctzige <strong>Kiwanis Club Emmendingen\/Baden e.V. <\/strong>das<strong> 2.Kiwanis Benefiz Eisstock-Turnier<\/strong> am Mittwoch, 26.11.2025 auf dem Emmendinger Marktplatz.<br><br>Nehmen Sie mit Ihrem Team teil!<br>In Spielen mit mehreren Runden wird in einer Gruppen- und K.O.- Phase von 17.00 h bis 21.00 h der Gewinner des <br>2.Kiwanis Eisstock-Turniers 2025 ausgespielt.<br><br>Vorkenntnisse sind nicht erforderlich. Die Mannschaften verf\u00fcgen \u00fcber je 4 Spieler (Damen oder Herren, auch gemischt). Es k\u00f6nnen auch mehrere Teams pro Firma \/ Institution angemeldet werden. Fans sind herzlich willkommen. Eine Bewirtung und Unterhaltung sind vorgesehen.<\/p>\n\n\n\n<p><strong>Die Teilnahmegeb\u00fchr<\/strong> je Team betr\u00e4gt \u20ac 400,\u2014 zzgl. MwSt.<br>Der Erlos des Turniers flie\u00dft komplett in unsere Aktivit\u00e4ten zur Unterst\u00fctzung von Kindern und Jugendlichen in Emmendingen und im Landkreis, z.B. in unsere 5 Kiwanis Ferienschulen und in unsere 3 Kiwanis Singlabore.<\/p>\n\n\n\n<p>Weitere Informationen zum Turnier k\u00f6nnen Sie unter <strong>eisstock-turnier@kiwanis-em.de<\/strong> abfragen.<\/p>\n\n\n\n<h2 class=\"wp-block-heading\"><strong>Danke an unsere Sponsoren:<\/strong><\/h2>\n\n\n\n<figure class=\"wp-block-gallery has-nested-images columns-default is-cropped wp-block-gallery-1 is-layout-flex wp-block-gallery-is-layout-flex\">\n<figure class=\"wp-block-image size-medium\"><img loading=\"lazy\" decoding=\"async\" width=\"300\" height=\"300\" data-id=\"2322\" src=\"https:\/\/www.kiwanis-em.de\/wp-content\/uploads\/2025\/11\/562382471_18025613255742699_8757859485484685840_n-300x300.jpg\" alt=\"\" class=\"wp-image-2322\" srcset=\"https:\/\/www.kiwanis-em.de\/wp-content\/uploads\/2025\/11\/562382471_18025613255742699_8757859485484685840_n-300x300.jpg 300w, https:\/\/www.kiwanis-em.de\/wp-content\/uploads\/2025\/11\/562382471_18025613255742699_8757859485484685840_n-150x150.jpg 150w, https:\/\/www.kiwanis-em.de\/wp-content\/uploads\/2025\/11\/562382471_18025613255742699_8757859485484685840_n-768x768.jpg 768w, https:\/\/www.kiwanis-em.de\/wp-content\/uploads\/2025\/11\/562382471_18025613255742699_8757859485484685840_n.jpg 955w\" sizes=\"auto, (max-width: 300px) 100vw, 300px\" \/><\/figure>\n\n\n\n<figure class=\"wp-block-image size-medium\"><img loading=\"lazy\" decoding=\"async\" width=\"300\" height=\"257\" data-id=\"2308\" src=\"https:\/\/www.kiwanis-em.de\/wp-content\/uploads\/2025\/11\/bhp-Logo_Claim_24_ws-300x257.jpg\" alt=\"\" class=\"wp-image-2308\" srcset=\"https:\/\/www.kiwanis-em.de\/wp-content\/uploads\/2025\/11\/bhp-Logo_Claim_24_ws-300x257.jpg 300w, https:\/\/www.kiwanis-em.de\/wp-content\/uploads\/2025\/11\/bhp-Logo_Claim_24_ws-768x658.jpg 768w, https:\/\/www.kiwanis-em.de\/wp-content\/uploads\/2025\/11\/bhp-Logo_Claim_24_ws.jpg 1000w\" sizes=\"auto, (max-width: 300px) 100vw, 300px\" \/><\/figure>\n\n\n\n<figure class=\"wp-block-image size-medium\"><img loading=\"lazy\" decoding=\"async\" width=\"300\" height=\"300\" data-id=\"2301\" src=\"https:\/\/www.kiwanis-em.de\/wp-content\/uploads\/2025\/11\/RufUndSchlenker-300x300.jpg\" alt=\"\" class=\"wp-image-2301\" srcset=\"https:\/\/www.kiwanis-em.de\/wp-content\/uploads\/2025\/11\/RufUndSchlenker-300x300.jpg 300w, https:\/\/www.kiwanis-em.de\/wp-content\/uploads\/2025\/11\/RufUndSchlenker-150x150.jpg 150w, https:\/\/www.kiwanis-em.de\/wp-content\/uploads\/2025\/11\/RufUndSchlenker-768x768.jpg 768w, https:\/\/www.kiwanis-em.de\/wp-content\/uploads\/2025\/11\/RufUndSchlenker.jpg 1024w\" sizes=\"auto, (max-width: 300px) 100vw, 300px\" \/><\/figure>\n\n\n\n<figure class=\"wp-block-image size-medium\"><img loading=\"lazy\" decoding=\"async\" width=\"300\" height=\"300\" data-id=\"2295\" src=\"https:\/\/www.kiwanis-em.de\/wp-content\/uploads\/2025\/11\/Wipfler-300x300.jpg\" alt=\"\" class=\"wp-image-2295\" srcset=\"https:\/\/www.kiwanis-em.de\/wp-content\/uploads\/2025\/11\/Wipfler-300x300.jpg 300w, https:\/\/www.kiwanis-em.de\/wp-content\/uploads\/2025\/11\/Wipfler-150x150.jpg 150w, https:\/\/www.kiwanis-em.de\/wp-content\/uploads\/2025\/11\/Wipfler-768x768.jpg 768w, https:\/\/www.kiwanis-em.de\/wp-content\/uploads\/2025\/11\/Wipfler.jpg 1024w\" sizes=\"auto, (max-width: 300px) 100vw, 300px\" \/><\/figure>\n\n\n\n<figure class=\"wp-block-image size-medium\"><img loading=\"lazy\" decoding=\"async\" width=\"300\" height=\"300\" data-id=\"2298\" src=\"https:\/\/www.kiwanis-em.de\/wp-content\/uploads\/2025\/11\/SparkasseIMMO-300x300.jpg\" alt=\"\" class=\"wp-image-2298\" srcset=\"https:\/\/www.kiwanis-em.de\/wp-content\/uploads\/2025\/11\/SparkasseIMMO-300x300.jpg 300w, https:\/\/www.kiwanis-em.de\/wp-content\/uploads\/2025\/11\/SparkasseIMMO-150x150.jpg 150w, https:\/\/www.kiwanis-em.de\/wp-content\/uploads\/2025\/11\/SparkasseIMMO-768x768.jpg 768w, https:\/\/www.kiwanis-em.de\/wp-content\/uploads\/2025\/11\/SparkasseIMMO.jpg 1024w\" sizes=\"auto, (max-width: 300px) 100vw, 300px\" \/><\/figure>\n\n\n\n<figure class=\"wp-block-image size-medium\"><img loading=\"lazy\" decoding=\"async\" width=\"300\" height=\"300\" data-id=\"2303\" src=\"https:\/\/www.kiwanis-em.de\/wp-content\/uploads\/2025\/11\/Rees-300x300.jpg\" alt=\"\" class=\"wp-image-2303\" srcset=\"https:\/\/www.kiwanis-em.de\/wp-content\/uploads\/2025\/11\/Rees-300x300.jpg 300w, https:\/\/www.kiwanis-em.de\/wp-content\/uploads\/2025\/11\/Rees-150x150.jpg 150w, https:\/\/www.kiwanis-em.de\/wp-content\/uploads\/2025\/11\/Rees-768x768.jpg 768w, https:\/\/www.kiwanis-em.de\/wp-content\/uploads\/2025\/11\/Rees.jpg 1024w\" sizes=\"auto, (max-width: 300px) 100vw, 300px\" \/><\/figure>\n\n\n\n<figure class=\"wp-block-image size-medium\"><img loading=\"lazy\" decoding=\"async\" width=\"300\" height=\"300\" data-id=\"2297\" src=\"https:\/\/www.kiwanis-em.de\/wp-content\/uploads\/2025\/11\/WalterRoeder-300x300.jpg\" alt=\"\" class=\"wp-image-2297\" srcset=\"https:\/\/www.kiwanis-em.de\/wp-content\/uploads\/2025\/11\/WalterRoeder-300x300.jpg 300w, https:\/\/www.kiwanis-em.de\/wp-content\/uploads\/2025\/11\/WalterRoeder-150x150.jpg 150w, https:\/\/www.kiwanis-em.de\/wp-content\/uploads\/2025\/11\/WalterRoeder-768x768.jpg 768w, https:\/\/www.kiwanis-em.de\/wp-content\/uploads\/2025\/11\/WalterRoeder.jpg 1024w\" sizes=\"auto, (max-width: 300px) 100vw, 300px\" \/><\/figure>\n\n\n\n<figure class=\"wp-block-image size-medium\"><img loading=\"lazy\" decoding=\"async\" width=\"300\" height=\"300\" data-id=\"2299\" src=\"https:\/\/www.kiwanis-em.de\/wp-content\/uploads\/2025\/11\/Sparkasse-300x300.jpg\" alt=\"\" class=\"wp-image-2299\" srcset=\"https:\/\/www.kiwanis-em.de\/wp-content\/uploads\/2025\/11\/Sparkasse-300x300.jpg 300w, https:\/\/www.kiwanis-em.de\/wp-content\/uploads\/2025\/11\/Sparkasse-150x150.jpg 150w, https:\/\/www.kiwanis-em.de\/wp-content\/uploads\/2025\/11\/Sparkasse-768x768.jpg 768w, https:\/\/www.kiwanis-em.de\/wp-content\/uploads\/2025\/11\/Sparkasse.jpg 1024w\" sizes=\"auto, (max-width: 300px) 100vw, 300px\" \/><\/figure>\n\n\n\n<figure class=\"wp-block-image size-medium\"><img loading=\"lazy\" decoding=\"async\" width=\"300\" height=\"300\" data-id=\"2316\" src=\"https:\/\/www.kiwanis-em.de\/wp-content\/uploads\/2025\/11\/Schmolck-300x300.jpg\" alt=\"\" class=\"wp-image-2316\" srcset=\"https:\/\/www.kiwanis-em.de\/wp-content\/uploads\/2025\/11\/Schmolck-300x300.jpg 300w, https:\/\/www.kiwanis-em.de\/wp-content\/uploads\/2025\/11\/Schmolck-150x150.jpg 150w, https:\/\/www.kiwanis-em.de\/wp-content\/uploads\/2025\/11\/Schmolck-768x768.jpg 768w, https:\/\/www.kiwanis-em.de\/wp-content\/uploads\/2025\/11\/Schmolck.jpg 1024w\" sizes=\"auto, (max-width: 300px) 100vw, 300px\" \/><\/figure>\n\n\n\n<figure class=\"wp-block-image size-medium\"><img loading=\"lazy\" decoding=\"async\" width=\"300\" height=\"300\" data-id=\"2318\" src=\"https:\/\/www.kiwanis-em.de\/wp-content\/uploads\/2025\/11\/Logo-Modebox2-300x300.jpg\" alt=\"\" class=\"wp-image-2318\" srcset=\"https:\/\/www.kiwanis-em.de\/wp-content\/uploads\/2025\/11\/Logo-Modebox2-300x300.jpg 300w, https:\/\/www.kiwanis-em.de\/wp-content\/uploads\/2025\/11\/Logo-Modebox2-150x150.jpg 150w, https:\/\/www.kiwanis-em.de\/wp-content\/uploads\/2025\/11\/Logo-Modebox2.jpg 500w\" sizes=\"auto, (max-width: 300px) 100vw, 300px\" \/><\/figure>\n\n\n\n<figure class=\"wp-block-image size-medium\"><img loading=\"lazy\" decoding=\"async\" width=\"300\" height=\"300\" data-id=\"2311\" src=\"https:\/\/www.kiwanis-em.de\/wp-content\/uploads\/2025\/11\/Dallmayr-300x300.jpg\" alt=\"\" class=\"wp-image-2311\" srcset=\"https:\/\/www.kiwanis-em.de\/wp-content\/uploads\/2025\/11\/Dallmayr-300x300.jpg 300w, https:\/\/www.kiwanis-em.de\/wp-content\/uploads\/2025\/11\/Dallmayr-150x150.jpg 150w, https:\/\/www.kiwanis-em.de\/wp-content\/uploads\/2025\/11\/Dallmayr-768x768.jpg 768w, https:\/\/www.kiwanis-em.de\/wp-content\/uploads\/2025\/11\/Dallmayr.jpg 1024w\" sizes=\"auto, (max-width: 300px) 100vw, 300px\" \/><\/figure>\n\n\n\n<figure class=\"wp-block-image size-medium\"><img loading=\"lazy\" decoding=\"async\" width=\"300\" height=\"300\" data-id=\"2310\" src=\"https:\/\/www.kiwanis-em.de\/wp-content\/uploads\/2025\/11\/BauerAG-300x300.jpg\" alt=\"\" class=\"wp-image-2310\" srcset=\"https:\/\/www.kiwanis-em.de\/wp-content\/uploads\/2025\/11\/BauerAG-300x300.jpg 300w, https:\/\/www.kiwanis-em.de\/wp-content\/uploads\/2025\/11\/BauerAG-150x150.jpg 150w, https:\/\/www.kiwanis-em.de\/wp-content\/uploads\/2025\/11\/BauerAG-768x768.jpg 768w, https:\/\/www.kiwanis-em.de\/wp-content\/uploads\/2025\/11\/BauerAG.jpg 1024w\" sizes=\"auto, (max-width: 300px) 100vw, 300px\" \/><\/figure>\n\n\n\n<figure class=\"wp-block-image size-medium\"><img loading=\"lazy\" decoding=\"async\" width=\"300\" height=\"300\" data-id=\"2323\" src=\"https:\/\/www.kiwanis-em.de\/wp-content\/uploads\/2025\/11\/Jungunternehmer-edited-300x300.jpg\" alt=\"\" class=\"wp-image-2323\" srcset=\"https:\/\/www.kiwanis-em.de\/wp-content\/uploads\/2025\/11\/Jungunternehmer-edited-300x300.jpg 300w, https:\/\/www.kiwanis-em.de\/wp-content\/uploads\/2025\/11\/Jungunternehmer-edited-150x150.jpg 150w, https:\/\/www.kiwanis-em.de\/wp-content\/uploads\/2025\/11\/Jungunternehmer-edited-768x768.jpg 768w, https:\/\/www.kiwanis-em.de\/wp-content\/uploads\/2025\/11\/Jungunternehmer-edited.jpg 1024w\" sizes=\"auto, (max-width: 300px) 100vw, 300px\" \/><\/figure>\n\n\n\n<figure class=\"wp-block-image size-medium\"><img loading=\"lazy\" decoding=\"async\" width=\"138\" height=\"300\" data-id=\"2305\" src=\"https:\/\/www.kiwanis-em.de\/wp-content\/uploads\/2025\/11\/Logo-Eagleink-138x300.png\" alt=\"\" class=\"wp-image-2305\" srcset=\"https:\/\/www.kiwanis-em.de\/wp-content\/uploads\/2025\/11\/Logo-Eagleink-138x300.png 138w, https:\/\/www.kiwanis-em.de\/wp-content\/uploads\/2025\/11\/Logo-Eagleink-472x1024.png 472w, https:\/\/www.kiwanis-em.de\/wp-content\/uploads\/2025\/11\/Logo-Eagleink-768x1665.png 768w, https:\/\/www.kiwanis-em.de\/wp-content\/uploads\/2025\/11\/Logo-Eagleink-709x1536.png 709w, https:\/\/www.kiwanis-em.de\/wp-content\/uploads\/2025\/11\/Logo-Eagleink-945x2048.png 945w, https:\/\/www.kiwanis-em.de\/wp-content\/uploads\/2025\/11\/Logo-Eagleink-scaled.png 1181w\" sizes=\"auto, (max-width: 138px) 100vw, 138px\" \/><\/figure>\n\n\n\n<figure class=\"wp-block-image size-medium is-style-default\"><img loading=\"lazy\" decoding=\"async\" width=\"300\" height=\"300\" data-id=\"2324\" src=\"https:\/\/www.kiwanis-em.de\/wp-content\/uploads\/2025\/11\/backm-Werbe-Logo-edited-300x300.jpg\" alt=\"\" class=\"wp-image-2324\" srcset=\"https:\/\/www.kiwanis-em.de\/wp-content\/uploads\/2025\/11\/backm-Werbe-Logo-edited-300x300.jpg 300w, https:\/\/www.kiwanis-em.de\/wp-content\/uploads\/2025\/11\/backm-Werbe-Logo-edited-1024x1024.jpg 1024w, https:\/\/www.kiwanis-em.de\/wp-content\/uploads\/2025\/11\/backm-Werbe-Logo-edited-150x150.jpg 150w, https:\/\/www.kiwanis-em.de\/wp-content\/uploads\/2025\/11\/backm-Werbe-Logo-edited-768x768.jpg 768w, https:\/\/www.kiwanis-em.de\/wp-content\/uploads\/2025\/11\/backm-Werbe-Logo-edited.jpg 1200w\" sizes=\"auto, (max-width: 300px) 100vw, 300px\" \/><\/figure>\n\n\n\n<figure class=\"wp-block-image size-medium\"><img loading=\"lazy\" decoding=\"async\" width=\"300\" height=\"300\" data-id=\"2296\" src=\"https:\/\/www.kiwanis-em.de\/wp-content\/uploads\/2025\/11\/StadtwerkeEM-300x300.jpg\" alt=\"\" class=\"wp-image-2296\" srcset=\"https:\/\/www.kiwanis-em.de\/wp-content\/uploads\/2025\/11\/StadtwerkeEM-300x300.jpg 300w, https:\/\/www.kiwanis-em.de\/wp-content\/uploads\/2025\/11\/StadtwerkeEM-150x150.jpg 150w, https:\/\/www.kiwanis-em.de\/wp-content\/uploads\/2025\/11\/StadtwerkeEM-768x768.jpg 768w, https:\/\/www.kiwanis-em.de\/wp-content\/uploads\/2025\/11\/StadtwerkeEM.jpg 1024w\" sizes=\"auto, (max-width: 300px) 100vw, 300px\" \/><\/figure>\n\n\n\n<figure class=\"wp-block-image size-medium\"><img loading=\"lazy\" decoding=\"async\" width=\"300\" height=\"300\" data-id=\"2300\" src=\"https:\/\/www.kiwanis-em.de\/wp-content\/uploads\/2025\/11\/PiuCaffe-300x300.jpg\" alt=\"\" class=\"wp-image-2300\" srcset=\"https:\/\/www.kiwanis-em.de\/wp-content\/uploads\/2025\/11\/PiuCaffe-300x300.jpg 300w, https:\/\/www.kiwanis-em.de\/wp-content\/uploads\/2025\/11\/PiuCaffe-150x150.jpg 150w, https:\/\/www.kiwanis-em.de\/wp-content\/uploads\/2025\/11\/PiuCaffe-768x768.jpg 768w, https:\/\/www.kiwanis-em.de\/wp-content\/uploads\/2025\/11\/PiuCaffe.jpg 1024w\" sizes=\"auto, (max-width: 300px) 100vw, 300px\" \/><\/figure>\n\n\n\n<figure class=\"wp-block-image size-medium\"><img loading=\"lazy\" decoding=\"async\" width=\"300\" height=\"300\" data-id=\"2302\" src=\"https:\/\/www.kiwanis-em.de\/wp-content\/uploads\/2025\/11\/maexware-300x300.jpg\" alt=\"\" class=\"wp-image-2302\" srcset=\"https:\/\/www.kiwanis-em.de\/wp-content\/uploads\/2025\/11\/maexware-300x300.jpg 300w, https:\/\/www.kiwanis-em.de\/wp-content\/uploads\/2025\/11\/maexware-150x150.jpg 150w, https:\/\/www.kiwanis-em.de\/wp-content\/uploads\/2025\/11\/maexware-768x768.jpg 768w, https:\/\/www.kiwanis-em.de\/wp-content\/uploads\/2025\/11\/maexware.jpg 1024w\" sizes=\"auto, (max-width: 300px) 100vw, 300px\" \/><\/figure>\n\n\n\n<figure class=\"wp-block-image size-medium\"><img loading=\"lazy\" decoding=\"async\" width=\"300\" height=\"170\" data-id=\"2328\" src=\"https:\/\/www.kiwanis-em.de\/wp-content\/uploads\/2025\/11\/logo-Exen-1-300x170.png\" alt=\"\" class=\"wp-image-2328\" srcset=\"https:\/\/www.kiwanis-em.de\/wp-content\/uploads\/2025\/11\/logo-Exen-1-300x170.png 300w, https:\/\/www.kiwanis-em.de\/wp-content\/uploads\/2025\/11\/logo-Exen-1-1024x580.png 1024w, https:\/\/www.kiwanis-em.de\/wp-content\/uploads\/2025\/11\/logo-Exen-1-768x435.png 768w, https:\/\/www.kiwanis-em.de\/wp-content\/uploads\/2025\/11\/logo-Exen-1-1536x871.png 1536w, https:\/\/www.kiwanis-em.de\/wp-content\/uploads\/2025\/11\/logo-Exen-1-2048x1161.png 2048w\" sizes=\"auto, (max-width: 300px) 100vw, 300px\" \/><\/figure>\n<\/figure>\n<\/div><figure class=\"wp-block-media-text__media\"><a href=\"https:\/\/www.kiwanis-em.de\/wp-content\/uploads\/2025\/09\/Eisstockturnier-2025_v3.pdf\" target=\"_blank\" rel=\"https:\/\/www.kiwanis-em.de\/wp-content\/uploads\/2025\/09\/Eisstockturnier-2025_v3.pdf noreferrer noopener\"><img loading=\"lazy\" decoding=\"async\" width=\"705\" height=\"1000\" src=\"https:\/\/www.kiwanis-em.de\/wp-content\/uploads\/2025\/09\/Eisstockturnier-2025_v3.png\" alt=\"\" class=\"wp-image-2172 size-full\" srcset=\"https:\/\/www.kiwanis-em.de\/wp-content\/uploads\/2025\/09\/Eisstockturnier-2025_v3.png 705w, https:\/\/www.kiwanis-em.de\/wp-content\/uploads\/2025\/09\/Eisstockturnier-2025_v3-212x300.png 212w\" sizes=\"auto, (max-width: 705px) 100vw, 705px\" \/><\/a><\/figure><\/div>\n\n\n\n<h2 class=\"wp-block-heading\">Impressionen 2024<\/h2>\n\n\n\n<video style=\"float: left; width: 100%;\" controls preload=\"auto\" poster=\"https:\/\/www.kiwanis-em.de\/wp-content\/uploads\/2025\/10\/WhatsApp-Video-2025-10-13-at-14.46.37.mp4\">\n        <source src=\"https:\/\/www.kiwanis-em.de\/wp-content\/uploads\/2025\/10\/WhatsApp-Video-2025-10-13-at-14.46.37.mp4\" type=\"video\/mp4\">\n        <source src=\"https:\/\/www.kiwanis-em.de\/wp-content\/uploads\/2025\/10\/2024_Eisstockschiessen.webm\" type=\"video\/webm\">\n        Dein Browser unterst\u00fctzt das Video-Tag leider nicht.\n        Bitte lade das Video direkt herunter: <a href=\"https:\/\/www.kiwanis-em.de\/wp-content\/uploads\/2025\/10\/WhatsApp-Video-2025-10-13-at-14.46.37.mp4\">Video herunterladen (MP4)<\/a>\n<\/video>\n\n\n\n<p><\/p>\n\n\n\n<p><br>Bitte melden Sie jetzt Ihr Team an. Einfach Formular unten oder Flyer oben mit Coupon hier herunterladen, ausf\u00fcllen, scannen und an <strong>eisstock-turnier@kiwanis-em.de<\/strong> senden. Wir suchen max. 16 Teams, Anmeldungen werden in Reihenfolge des Eingangs ber\u00fccksichtigt. Anmeldeschluss ist der 14.10.2025!<br><br>Im Rahmen des Turniers sind Pr\u00e4sentationsm\u00f6glichkeiten f\u00fcr Ihr Unternehmen geplant.<\/p>\n\n\n\n<blockquote class=\"wp-block-quote is-layout-flow wp-block-quote-is-layout-flow\">\n<p id=\"PremiumWerbepaket\">Der Erlos flie\u00dft komplett in unsere Aktivit\u00e4ten zur Unterst\u00fctzung von Kindern und Jugendlichen in Emmendingen und im Landkreis, z.B. in unsere 5 Kiwanis Ferienschulen und in unsere 3 Kiwanis Singlabore.<\/p>\n<\/blockquote>\n\n\n\n<p class=\"has-small-font-size\"><\/p>\n","protected":false},"excerpt":{"rendered":"<p>&#8230; Impressionen 2024 Dein Browser unterst\u00fctzt das Video-Tag leider nicht. Bitte lade das Video direkt herunter: Video herunterladen (MP4) Bitte melden Sie jetzt Ihr Team&hellip;<\/p>\n","protected":false},"author":1,"featured_media":0,"parent":0,"menu_order":0,"comment_status":"closed","ping_status":"closed","template":"","meta":{"footnotes":"[]"},"class_list":["post-1495","page","type-page","status-publish","hentry"],"_links":{"self":[{"href":"https:\/\/www.kiwanis-em.de\/index.php\/wp-json\/wp\/v2\/pages\/1495","targetHints":{"allow":["GET"]}}],"collection":[{"href":"https:\/\/www.kiwanis-em.de\/index.php\/wp-json\/wp\/v2\/pages"}],"about":[{"href":"https:\/\/www.kiwanis-em.de\/index.php\/wp-json\/wp\/v2\/types\/page"}],"author":[{"embeddable":true,"href":"https:\/\/www.kiwanis-em.de\/index.php\/wp-json\/wp\/v2\/users\/1"}],"replies":[{"embeddable":true,"href":"https:\/\/www.kiwanis-em.de\/index.php\/wp-json\/wp\/v2\/comments?post=1495"}],"version-history":[{"count":73,"href":"https:\/\/www.kiwanis-em.de\/index.php\/wp-json\/wp\/v2\/pages\/1495\/revisions"}],"predecessor-version":[{"id":2333,"href":"https:\/\/www.kiwanis-em.de\/index.php\/wp-json\/wp\/v2\/pages\/1495\/revisions\/2333"}],"wp:attachment":[{"href":"https:\/\/www.kiwanis-em.de\/index.php\/wp-json\/wp\/v2\/media?parent=1495"}],"curies":[{"name":"wp","href":"https:\/\/api.w.org\/{rel}","templated":true}]}}