{"id":1511,"date":"2024-09-12T07:10:08","date_gmt":"2024-09-12T05:10:08","guid":{"rendered":"https:\/\/www.kiwanis-em.de\/?page_id=1511"},"modified":"2025-10-16T15:46:58","modified_gmt":"2025-10-16T13:46:58","slug":"songbook","status":"publish","type":"page","link":"https:\/\/www.kiwanis-em.de\/index.php\/songbook\/","title":{"rendered":"Kiwanis Benefiz-Matin\u00e9e zugunsten der Kiwanis Singlabore &#8211; 19.10.2025"},"content":{"rendered":"\n<p><strong><mark style=\"background-color:rgba(0, 0, 0, 0)\" class=\"has-inline-color has-vivid-red-color\">ABGESAGT aufgrund von Krankheit<\/mark><\/strong><\/p>\n\n\n\n<blockquote class=\"wp-block-quote is-layout-flow wp-block-quote-is-layout-flow\">\n<p><strong>Kinder-Mitmach-Konzert<\/strong> mit den Kiwanis Singlabor-Ch\u00f6ren aus Emmendingen, Mundingen und<br>Windenreute. Werner Englert, Kofi Raphael und &#8222;<strong>The Greatest Band<\/strong>&#8220; aus Ghana.<br><\/p>\n<\/blockquote>\n\n\n\n<div class=\"wp-block-media-text has-media-on-the-right is-stacked-on-mobile is-vertically-aligned-top\" style=\"grid-template-columns:auto 31%\"><div class=\"wp-block-media-text__content\">\n<p><strong>Kiwanis Benefiz-Matin\u00e9e zugunsten der Kiwanis Singlabore 2025<\/strong><\/p>\n\n\n\n<p>Sonntag 19.10.25 11:00 Uhr Einlass 10.00 Uhr <br>Autohaus Schmolck, 79312 Emmendingen, Am Elzdamm 2<br>Benefizkonzert zugunsten der Kiwanis Singlabore und weiterer sozialer Projekte<br>Eintritt: Kinder bis 14 Jahre sind frei. Tageskasse 10\u20ac.<br>F\u00fcr das leibliche Wohl gibt es Kaffee, Kuchen und Getr\u00e4nke.<br><br>Kiwanis ist eine weltweit aktive Service-Organisation, die sich unter dem Motto \u201eServing the Children of the World\u201c besonders f\u00fcr Kinder und Jugendliche engagiert. <br><br>Auch der Kiwanis Club Emmendingen\/Baden e. V. unterst\u00fctzt mit zahlreichen Projekten das Wohl junger Menschen im Landkreis.<br>Ein aktuelles Projekt sind die Kiwanis Singlabore, die bereits an drei Grundschulen Kindern Freude am Singen und Musizieren vermitteln.<br><br>Die Idee dazu stammt von Werner Englert, Musikp\u00e4dagoge, Jazzmusiker und Mitglied des Clubs. Aus einem von ihm f\u00fcr seine Kinder entwickelten Liederbuch entstand das Songbook mit elf mitrei\u00dfenden Kinderliedern, professionell vertont und auf allen g\u00e4ngigen Streaming-Diensten unter \u201eRotznasen Rock \u2013 Werner Englert\u201c verf\u00fcgbar.<br><br>Zur F\u00f6rderung der Singlabore veranstaltet der Club am Sonntag, 19. Oktober, eine Benefiz-Matinee im Autohaus Schmolck. <br>Dort treten die drei Kinderch\u00f6re der Singlabore auf, begleitet von Werner Englert, Kofi Raphael und Musikern der Greatest Band aus Ghana. <br><br>Gemeinsam mit den anwesenden Kindern werden Lieder aus dem Songbook einstudiert.<br>Die Matinee beginnt um 11:00 Uhr und l\u00e4dt Kinder, Eltern und G\u00e4ste zu einem fr\u00f6hlichen Vormittag mit Musik, Kaffee und Kuchen ein.<\/p>\n<\/div><figure class=\"wp-block-media-text__media\"><img loading=\"lazy\" decoding=\"async\" width=\"361\" height=\"1024\" src=\"https:\/\/www.kiwanis-em.de\/wp-content\/uploads\/2025\/10\/Absage-Matinee-Flyer-2025-361x1024.png\" alt=\"\" class=\"wp-image-2272 size-full\" srcset=\"https:\/\/www.kiwanis-em.de\/wp-content\/uploads\/2025\/10\/Absage-Matinee-Flyer-2025-361x1024.png 361w, https:\/\/www.kiwanis-em.de\/wp-content\/uploads\/2025\/10\/Absage-Matinee-Flyer-2025-106x300.png 106w, https:\/\/www.kiwanis-em.de\/wp-content\/uploads\/2025\/10\/Absage-Matinee-Flyer-2025-768x2181.png 768w, https:\/\/www.kiwanis-em.de\/wp-content\/uploads\/2025\/10\/Absage-Matinee-Flyer-2025-541x1536.png 541w, https:\/\/www.kiwanis-em.de\/wp-content\/uploads\/2025\/10\/Absage-Matinee-Flyer-2025-721x2048.png 721w, https:\/\/www.kiwanis-em.de\/wp-content\/uploads\/2025\/10\/Absage-Matinee-Flyer-2025.png 870w\" sizes=\"auto, (max-width: 361px) 100vw, 361px\" \/><\/figure><\/div>\n\n\n\n<p><\/p>\n\n\n\n<h2 class=\"wp-block-heading\">Kiwanis Songbook f\u00fcr einen guten Zweck<\/h2>\n\n\n\n<p class=\"has-medium-font-size\"><strong>Das Kiwanis Songbook f\u00fcr einen guten Zweck. Der Erl\u00f6s flie\u00dft in die von<br>Kiwanis unterst\u00fctzten mildt\u00e4tigen Projekte f\u00fcr Kinder und Jugendliche.<\/strong><\/p>\n\n\n\n<div class=\"wp-block-columns is-layout-flex wp-container-core-columns-is-layout-9d6595d7 wp-block-columns-is-layout-flex\">\n<div class=\"wp-block-column is-layout-flow wp-block-column-is-layout-flow\" style=\"flex-basis:66.66%\">\n<figure class=\"wp-block-video\"><video height=\"720\" style=\"aspect-ratio: 1280 \/ 720;\" width=\"1280\" controls poster=\"https:\/\/www.kiwanis-em.de\/wp-content\/uploads\/2025\/04\/VideoStartbild.jpg\" preload=\"auto\" src=\"https:\/\/www.kiwanis-em.de\/wp-content\/uploads\/2025\/04\/Kiwanis-Singlabor-Songbook-Rotznasenrock_720.mp4\" playsinline><\/video><\/figure>\n<\/div>\n\n\n\n<div class=\"wp-block-column is-layout-flow wp-block-column-is-layout-flow\" style=\"flex-basis:33.33%\">\n<blockquote class=\"wp-block-quote is-layout-flow wp-block-quote-is-layout-flow\">\n<p>Fetzige Kinderlieder zum Mitgestalten und zum Genie\u00dfen<br>Zu h\u00f6ren auf allen g\u00e4ngigen Streaming Plattformen und als Songbook:<br>Ausz\u00fcge aus dem Kiwanis-Singlabor Songbook <br>Rotznasen Rock mit H\u00f6rprobe &#8222;Warum Lied&#8220;<\/p>\n<\/blockquote>\n<\/div>\n<\/div>\n\n\n\n<p>Mit dem Kiwanis Songbook Kinder und Jugendliche unterst\u00fctzen.<br><strong>Jetzt bestellen f\u00fcr Ihren Kiwanis Club.<\/strong><\/p>\n\n\n\n<p>Werner Englert, Musikp\u00e4dagoge und passionierter Jazz-Musiker, ist Autor, Songwriter und Illustrator des neuen Kiwanis Songbook. Er hat dem Kiwanis Club Emmendingen\/ Baden e.V. kostenlos Urheberrecht und Skript \u00fcbertragen, damit wir mit dem Erl\u00f6s unsere mildt\u00e4tigen Projekte f\u00fcr Kinder und Jugendliche unterst\u00fctzen.<\/p>\n\n\n\n<p>Auf 25 Seiten finden sich in diesem Buch 11 spannende Kinderlieder, wie z.B. \u201edas Instrumenten Lied\u201c, \u201edas Ger\u00e4usche Lied\u201c, \u201edas Zoo Lied\u201c, \u201edas Angeber Lied\u201c<\/p>\n\n\n\n<p>oder auch \u201edas ich will Lied\u201c. Alle Lieder wurden auch professionell mit einem Kinderchor und Begleitband aufgenommen und k\u00f6nnen gestreamt werden. Die fetzigen Kinderlieder zum Mitgestalten sind f\u00fcr Kinder ab ca. 4-9 Jahren bestens geeignet. Sie k\u00f6nnen sowohl von Eltern mit ihren Kindern, als auch von Erzieherinnen in Kindergarten oder Schule mit den beigef\u00fcgten Noten und Akkorden leicht erlernt und gesungen werden.<\/p>\n\n\n\n<ul class=\"wp-block-list\">\n<li>Verschenken Sie dieses Songbook in Ihrem Freundeskreis, werben Sie damit bei vielen Eltern f\u00fcr Ihren Kiwanis Club.<\/li>\n\n\n\n<li>Verkaufen Sie das Songbook f\u00fcr \u20ac 10,&#8211; bei Ihrer n\u00e4chsten Benefiz-Veranstaltung und sorgen Sie so f\u00fcr zus\u00e4tzliche Charity-Einnahmen.&nbsp;<\/li>\n<\/ul>\n\n\n\n<p>Wir bieten Ihnen das Kiwanis Songbook1 zum g\u00fcnstigen Vorzugspreis von nur \u20ac 249,&#8211; im Karton mit 45 Exemplare (Preis pro Exemplar \u20ac 5,56)&nbsp;<\/p>\n\n\n\n<p>Disponieren Sie bitte mit dem Coupon <a href=\"https:\/\/www.kiwanis-em.de\/wp-content\/uploads\/2025\/04\/Rotznasen-Rock-Karton-Bestellung-fuer-Clubs.pdf\" target=\"_blank\" rel=\"noreferrer noopener\">&gt;&gt;&gt; <strong>Rotznasen Rock Karton-Bestellung f\u00fcr Clubs<\/strong> &lt;&lt;&lt;<\/a>  im beigef\u00fcgten Prospektblatt. Benennen Sie uns bitte Ihren Ansprechpartner und die Kontaktdaten oder senden Sie uns eine Mail an &#8222;<strong>songbook@kiwanis-em.de<\/strong>&#8222;. Fragen richten Sie bitte ebenfalls an diese Mail-Adresse.<br>Wir kommen dann kurzfristig auf Sie zu.<\/p>\n\n\n\n<p class=\"has-vivid-cyan-blue-color has-text-color has-link-color wp-elements-e59b6f24f4605babbd63861b33ffbacb\"><a href=\"https:\/\/www.kiwanis-em.de\/wp-content\/uploads\/2025\/04\/Rotznasen-Rock-Karton-Bestellung-fuer-Clubs.pdf\" target=\"_blank\" rel=\"noreferrer noopener\">&gt;&gt;&gt; <strong>Rotznasen Rock Karton-Bestellung f\u00fcr Clubs<\/strong> &lt;&lt;&lt;<\/a><\/p>\n\n\n\n<p><\/p>\n\n\n\n<blockquote class=\"wp-block-quote has-small-font-size is-layout-flow wp-block-quote-is-layout-flow\">\n<p class=\"has-vivid-cyan-blue-color has-text-color has-link-color wp-elements-fda061106feda1f48e0d4ab23c7bfec8\"><strong><a href=\"https:\/\/www.kiwanis-em.de\/wp-content\/uploads\/2024\/11\/A4-PDFs-Rotznasen-Rock-fuer-Webseite.pdf\" target=\"_blank\" rel=\"noreferrer noopener\">&gt;&gt;&gt; Download Song-PDF mit Texten, Noten, und Akkorden &gt;&gt;&gt;<\/a><\/strong><\/p>\n<\/blockquote>\n\n\n\n<div style=\"height:211px\" aria-hidden=\"true\" class=\"wp-block-spacer\"><\/div>\n\n\n\n<h2 class=\"wp-block-heading has-vivid-cyan-blue-color has-text-color has-link-color wp-elements-43394f4c295f1a18638850a945276d3d\">R\u00fcckblick:<br><strong>Kiwanis Benefiz-Matin\u00e9e &#8211; 17.11.2024<\/strong><\/h2>\n\n\n\n<h3 class=\"wp-block-heading\">Kinder-Mitmach-Konzert<br>&#8222;RotzNasenRock&#8220; &#8211; das Kiwanis-Singlabor Songbook<\/h3>\n\n\n\n<figure class=\"wp-block-gallery has-nested-images columns-2 is-cropped wp-block-gallery-1 is-layout-flex wp-block-gallery-is-layout-flex\">\n<figure class=\"wp-block-image size-large\"><img loading=\"lazy\" decoding=\"async\" width=\"738\" height=\"1024\" data-id=\"1613\" src=\"https:\/\/www.kiwanis-em.de\/wp-content\/uploads\/2024\/10\/Postkarte-A6_Rotznasenrock-738x1024.jpg\" alt=\"\" class=\"wp-image-1613\" srcset=\"https:\/\/www.kiwanis-em.de\/wp-content\/uploads\/2024\/10\/Postkarte-A6_Rotznasenrock-738x1024.jpg 738w, https:\/\/www.kiwanis-em.de\/wp-content\/uploads\/2024\/10\/Postkarte-A6_Rotznasenrock-216x300.jpg 216w, https:\/\/www.kiwanis-em.de\/wp-content\/uploads\/2024\/10\/Postkarte-A6_Rotznasenrock-768x1066.jpg 768w, https:\/\/www.kiwanis-em.de\/wp-content\/uploads\/2024\/10\/Postkarte-A6_Rotznasenrock-1107x1536.jpg 1107w, https:\/\/www.kiwanis-em.de\/wp-content\/uploads\/2024\/10\/Postkarte-A6_Rotznasenrock.jpg 1311w\" sizes=\"auto, (max-width: 738px) 100vw, 738px\" \/><\/figure>\n\n\n\n<figure class=\"wp-block-image size-full is-style-default\"><img loading=\"lazy\" decoding=\"async\" width=\"500\" height=\"889\" data-id=\"1761\" src=\"https:\/\/www.kiwanis-em.de\/wp-content\/uploads\/2024\/11\/Matinee_2024-_01.jpg\" alt=\"\" class=\"wp-image-1761\" srcset=\"https:\/\/www.kiwanis-em.de\/wp-content\/uploads\/2024\/11\/Matinee_2024-_01.jpg 500w, https:\/\/www.kiwanis-em.de\/wp-content\/uploads\/2024\/11\/Matinee_2024-_01-169x300.jpg 169w\" sizes=\"auto, (max-width: 500px) 100vw, 500px\" \/><\/figure>\n\n\n\n<figure class=\"wp-block-image size-full\"><img loading=\"lazy\" decoding=\"async\" width=\"1067\" height=\"600\" data-id=\"1762\" src=\"https:\/\/www.kiwanis-em.de\/wp-content\/uploads\/2024\/11\/Matinee_2024_02.jpg\" alt=\"\" class=\"wp-image-1762\" srcset=\"https:\/\/www.kiwanis-em.de\/wp-content\/uploads\/2024\/11\/Matinee_2024_02.jpg 1067w, https:\/\/www.kiwanis-em.de\/wp-content\/uploads\/2024\/11\/Matinee_2024_02-300x169.jpg 300w, https:\/\/www.kiwanis-em.de\/wp-content\/uploads\/2024\/11\/Matinee_2024_02-1024x576.jpg 1024w, https:\/\/www.kiwanis-em.de\/wp-content\/uploads\/2024\/11\/Matinee_2024_02-768x432.jpg 768w\" sizes=\"auto, (max-width: 1067px) 100vw, 1067px\" \/><\/figure>\n\n\n\n<figure class=\"wp-block-image size-large\"><img loading=\"lazy\" decoding=\"async\" width=\"738\" height=\"1024\" data-id=\"1614\" src=\"https:\/\/www.kiwanis-em.de\/wp-content\/uploads\/2024\/10\/Postkarte-A6_Rotznasenrock-2-738x1024.jpg\" alt=\"\" class=\"wp-image-1614\" srcset=\"https:\/\/www.kiwanis-em.de\/wp-content\/uploads\/2024\/10\/Postkarte-A6_Rotznasenrock-2-738x1024.jpg 738w, https:\/\/www.kiwanis-em.de\/wp-content\/uploads\/2024\/10\/Postkarte-A6_Rotznasenrock-2-216x300.jpg 216w, https:\/\/www.kiwanis-em.de\/wp-content\/uploads\/2024\/10\/Postkarte-A6_Rotznasenrock-2-768x1066.jpg 768w, https:\/\/www.kiwanis-em.de\/wp-content\/uploads\/2024\/10\/Postkarte-A6_Rotznasenrock-2-1107x1536.jpg 1107w, https:\/\/www.kiwanis-em.de\/wp-content\/uploads\/2024\/10\/Postkarte-A6_Rotznasenrock-2.jpg 1311w\" sizes=\"auto, (max-width: 738px) 100vw, 738px\" \/><\/figure>\n<\/figure>\n\n\n\n<p class=\"has-small-font-size\">Kiwanis ist eine weltweit aktive Service \u2013 Organisation, die sich unter dem Leitspruch \u201eServing the Children of the World\u201c f\u00fcr das Wohl der Gemeinschaft und insbesondere f\u00fcr die Kinder und Jugendlichen einsetzt. In diesem Sinne ist auch der gemeinn\u00fctzige Kiwanis Club Emmendingen\/Baden e.V. seit seiner Gr\u00fcndung im Jahre 1998 mit vielen Projekten und Aktionen f\u00fcr das Wohl von Kindern und Jugendlichen im Landkreis Emmendingen aktiv. <br>Ein neues Projekt sind die Kiwanis Singlabore. Aktuell wird bereits in drei Emmendinger Grundschulen den Kindern die Freude am Singen und Musizieren vermittelt.<br>Die Charity-Zuwendungen flie\u00dfen grunds\u00e4tzlich ohne Abzug in die von uns unterst\u00fctzten mildt\u00e4tigen Projekte. Dies gilt auch f\u00fcr das Kiwanis Songbook 1, mit welchem wir die Kiwanis Singlabore unterst\u00fctzen und weiterentwickeln.<br>Die Idee zu diesem Projekt entstand bei einem Glas Wein. Werner Englert ist nicht nur Mitglied unseres Kiwanis Clubs, sondern beruflich ein leidenschaftlicher Musikp\u00e4dagoge, Jazzmusiker und Komponist. Vor einigen Jahren hat er f\u00fcr seine Kinder ein Songbook getextet und bunt gestaltet. Dies ist die Vorlage f\u00fcr das jetzt frisch erschienene Kiwanis Songbook 1. Der Inhalt: elf fetzige Kinderlieder zum Mitgestalten und zum Genie\u00dfen. Werner Englert hat dieses Buch auch professionell vertont und mit einem Kinderchor eingespielt. Deshalb k\u00f6nnen alle Songs auf den g\u00e4ngigen Streaming Diensten geh\u00f6rt werden.<br>Uns liegt die Entwicklung der Kiwanis Singlabore sehr am Herzen. Deshalb veranstalten wir im Anschluss an unser j\u00e4hrliches Benefiz \u2013Konzert im Autohaus Schmolck, Samstag 16.11.2024, am darauf folgenden Sonntag, den 17. November eine Benefiz-Matin\u00e9e, zu der die drei bestehenden Kinderch\u00f6re der Kiwanis Singlabore auftreten werden. Unter der Leitung von Werner Englert werden einzelne Lieder aus dem neuen Songbook pr\u00e4sentiert. Ebenso soll dies ein kurzweiliger Vormittag sein, bei dem die Kinder, deren Eltern und alle Besucher im fr\u00f6hlichen Miteinander zusammenkommen. Die Matin\u00e9e beginnt um 11:00 Uhr im Autohaus Schmolck. Neben den k\u00fcnstlerischen Darbietungen bietet der Kiwanis Club Kaffee und Kuchen f\u00fcr alle Besucher an.<br>Wir freuen uns auf sehr viele Besucher! Der Eintritt betr\u00e4gt nur \u20ac 10,&#8211;, da der Aufwand f\u00fcr die gesamte Konzertgestaltung bereits durch die Veranstaltung am Vorabend und durch unsere Sponsoren getragen wird. Der Erl\u00f6s dieser Veranstaltung flie\u00dft in die Unterst\u00fctzung f\u00fcr die Kiwanis Singlabore, dies gilt nat\u00fcrlich auch f\u00fcr alle Zuwendungen aus dem Kiwanis Songbook 1.<\/p>\n","protected":false},"excerpt":{"rendered":"<p>ABGESAGT aufgrund von Krankheit Kinder-Mitmach-Konzert mit den Kiwanis Singlabor-Ch\u00f6ren aus Emmendingen, Mundingen undWindenreute. Werner Englert, Kofi Raphael und &#8222;The Greatest Band&#8220; aus Ghana. Kiwanis Benefiz-Matin\u00e9e&hellip;<\/p>\n","protected":false},"author":1,"featured_media":0,"parent":0,"menu_order":0,"comment_status":"closed","ping_status":"closed","template":"","meta":{"footnotes":""},"class_list":["post-1511","page","type-page","status-publish","hentry"],"_links":{"self":[{"href":"https:\/\/www.kiwanis-em.de\/index.php\/wp-json\/wp\/v2\/pages\/1511","targetHints":{"allow":["GET"]}}],"collection":[{"href":"https:\/\/www.kiwanis-em.de\/index.php\/wp-json\/wp\/v2\/pages"}],"about":[{"href":"https:\/\/www.kiwanis-em.de\/index.php\/wp-json\/wp\/v2\/types\/page"}],"author":[{"embeddable":true,"href":"https:\/\/www.kiwanis-em.de\/index.php\/wp-json\/wp\/v2\/users\/1"}],"replies":[{"embeddable":true,"href":"https:\/\/www.kiwanis-em.de\/index.php\/wp-json\/wp\/v2\/comments?post=1511"}],"version-history":[{"count":76,"href":"https:\/\/www.kiwanis-em.de\/index.php\/wp-json\/wp\/v2\/pages\/1511\/revisions"}],"predecessor-version":[{"id":2273,"href":"https:\/\/www.kiwanis-em.de\/index.php\/wp-json\/wp\/v2\/pages\/1511\/revisions\/2273"}],"wp:attachment":[{"href":"https:\/\/www.kiwanis-em.de\/index.php\/wp-json\/wp\/v2\/media?parent=1511"}],"curies":[{"name":"wp","href":"https:\/\/api.w.org\/{rel}","templated":true}]}}