{"id":1830,"date":"2025-04-02T13:19:31","date_gmt":"2025-04-02T11:19:31","guid":{"rendered":"https:\/\/www.kiwanis-em.de\/?page_id=1830"},"modified":"2026-03-14T13:48:55","modified_gmt":"2026-03-14T12:48:55","slug":"presse-2025","status":"publish","type":"page","link":"https:\/\/www.kiwanis-em.de\/index.php\/presse-2025\/","title":{"rendered":"Presse 2025"},"content":{"rendered":"\n<div class=\"wp-block-columns is-layout-flex wp-container-core-columns-is-layout-9d6595d7 wp-block-columns-is-layout-flex\">\n<div class=\"wp-block-column is-layout-flow wp-block-column-is-layout-flow\">\n<p><strong><a href=\"https:\/\/www.kiwanis-em.de\/index.php\/presse-2026\/\" data-type=\"page\" data-id=\"2337\">Presse 2026<\/a><\/strong><\/p>\n<\/div>\n\n\n\n<div class=\"wp-block-column is-layout-flow wp-block-column-is-layout-flow\">\n<p><a href=\"https:\/\/www.kiwanis-em.de\/index.php\/presse-2025\/\" data-type=\"link\" data-id=\"https:\/\/www.kiwanis-em.de\/index.php\/presse-2024\/\"><strong>Presse 2025<\/strong><\/a><\/p>\n<\/div>\n\n\n\n<div class=\"wp-block-column is-layout-flow wp-block-column-is-layout-flow\">\n<p class=\"has-text-align-left\"><a href=\"https:\/\/www.kiwanis-em.de\/index.php\/presse-2024\/\" data-type=\"link\" data-id=\"https:\/\/www.kiwanis-em.de\/index.php\/presse-2024\/\"><strong>Presse 2024<\/strong><\/a><\/p>\n<\/div>\n\n\n\n<div class=\"wp-block-column is-layout-flow wp-block-column-is-layout-flow\">\n<p><a href=\"https:\/\/www.kiwanis-em.de\/index.php\/presse-2023\/\"><strong>Presse 2023<\/strong><\/a><\/p>\n<\/div>\n\n\n\n<div class=\"wp-block-column is-layout-flow wp-block-column-is-layout-flow\">\n<p><strong><a href=\"https:\/\/www.kiwanis-em.de\/index.php\/presse-2022\/\" data-type=\"URL\">Presse 2022<\/a><\/strong><\/p>\n<\/div>\n\n\n\n<div class=\"wp-block-column is-layout-flow wp-block-column-is-layout-flow\">\n<p class=\"has-text-align-left\"><strong><a href=\"https:\/\/www.kiwanis-em.de\/index.php\/presse-2021\/\" data-type=\"URL\" data-id=\"https:\/\/www.kiwanis-em.de\/index.php\/presse-2021\/\">Presse 2021<\/a><\/strong><\/p>\n<\/div>\n\n\n\n<div class=\"wp-block-column is-layout-flow wp-block-column-is-layout-flow\">\n<p class=\"has-text-align-left\"><strong><a href=\"https:\/\/www.kiwanis-em.de\/index.php\/presse-2020\/\" data-type=\"URL\" data-id=\"https:\/\/www.kiwanis-em.de\/index.php\/presse-2020\/\">Presse 2020<\/a><\/strong><\/p>\n<\/div>\n<\/div>\n\n\n\n<figure class=\"wp-block-image size-large\"><img loading=\"lazy\" decoding=\"async\" width=\"1024\" height=\"744\" src=\"https:\/\/www.kiwanis-em.de\/wp-content\/uploads\/2025\/08\/KiwanisFerienschule-2025-04-1024x744.jpg\" alt=\"\" class=\"wp-image-2127\" srcset=\"https:\/\/www.kiwanis-em.de\/wp-content\/uploads\/2025\/08\/KiwanisFerienschule-2025-04-1024x744.jpg 1024w, https:\/\/www.kiwanis-em.de\/wp-content\/uploads\/2025\/08\/KiwanisFerienschule-2025-04-300x218.jpg 300w, https:\/\/www.kiwanis-em.de\/wp-content\/uploads\/2025\/08\/KiwanisFerienschule-2025-04-768x558.jpg 768w, https:\/\/www.kiwanis-em.de\/wp-content\/uploads\/2025\/08\/KiwanisFerienschule-2025-04.jpg 1429w\" sizes=\"auto, (max-width: 1024px) 100vw, 1024px\" \/><\/figure>\n\n\n\n<figure class=\"wp-block-image size-large\"><img loading=\"lazy\" decoding=\"async\" width=\"1024\" height=\"660\" src=\"https:\/\/www.kiwanis-em.de\/wp-content\/uploads\/2025\/08\/KiwanisFerienschule-2025-03-1024x660.jpg\" alt=\"\" class=\"wp-image-2102\" srcset=\"https:\/\/www.kiwanis-em.de\/wp-content\/uploads\/2025\/08\/KiwanisFerienschule-2025-03-1024x660.jpg 1024w, https:\/\/www.kiwanis-em.de\/wp-content\/uploads\/2025\/08\/KiwanisFerienschule-2025-03-300x193.jpg 300w, https:\/\/www.kiwanis-em.de\/wp-content\/uploads\/2025\/08\/KiwanisFerienschule-2025-03-768x495.jpg 768w, https:\/\/www.kiwanis-em.de\/wp-content\/uploads\/2025\/08\/KiwanisFerienschule-2025-03-1536x990.jpg 1536w, https:\/\/www.kiwanis-em.de\/wp-content\/uploads\/2025\/08\/KiwanisFerienschule-2025-03.jpg 1990w\" sizes=\"auto, (max-width: 1024px) 100vw, 1024px\" \/><\/figure>\n\n\n\n<figure class=\"wp-block-image size-large\"><img loading=\"lazy\" decoding=\"async\" width=\"1024\" height=\"365\" src=\"https:\/\/www.kiwanis-em.de\/wp-content\/uploads\/2025\/08\/KiwanisFerienschule-2025-02-1024x365.jpg\" alt=\"\" class=\"wp-image-2103\" srcset=\"https:\/\/www.kiwanis-em.de\/wp-content\/uploads\/2025\/08\/KiwanisFerienschule-2025-02-1024x365.jpg 1024w, https:\/\/www.kiwanis-em.de\/wp-content\/uploads\/2025\/08\/KiwanisFerienschule-2025-02-300x107.jpg 300w, https:\/\/www.kiwanis-em.de\/wp-content\/uploads\/2025\/08\/KiwanisFerienschule-2025-02-768x274.jpg 768w, https:\/\/www.kiwanis-em.de\/wp-content\/uploads\/2025\/08\/KiwanisFerienschule-2025-02.jpg 1526w\" sizes=\"auto, (max-width: 1024px) 100vw, 1024px\" \/><\/figure>\n\n\n\n<figure class=\"wp-block-image size-large\"><img loading=\"lazy\" decoding=\"async\" width=\"1024\" height=\"660\" src=\"https:\/\/www.kiwanis-em.de\/wp-content\/uploads\/2025\/08\/KiwanisFerienschule-2025-01-1024x660.jpg\" alt=\"\" class=\"wp-image-2104\" srcset=\"https:\/\/www.kiwanis-em.de\/wp-content\/uploads\/2025\/08\/KiwanisFerienschule-2025-01-1024x660.jpg 1024w, https:\/\/www.kiwanis-em.de\/wp-content\/uploads\/2025\/08\/KiwanisFerienschule-2025-01-300x193.jpg 300w, https:\/\/www.kiwanis-em.de\/wp-content\/uploads\/2025\/08\/KiwanisFerienschule-2025-01-768x495.jpg 768w, https:\/\/www.kiwanis-em.de\/wp-content\/uploads\/2025\/08\/KiwanisFerienschule-2025-01.jpg 1446w\" sizes=\"auto, (max-width: 1024px) 100vw, 1024px\" \/><\/figure>\n\n\n\n<div class=\"wp-block-columns is-layout-flex wp-container-core-columns-is-layout-9d6595d7 wp-block-columns-is-layout-flex\">\n<div class=\"wp-block-column is-layout-flow wp-block-column-is-layout-flow\">\n<figure class=\"wp-block-image size-large\"><img loading=\"lazy\" decoding=\"async\" width=\"576\" height=\"1024\" src=\"https:\/\/www.kiwanis-em.de\/wp-content\/uploads\/2025\/08\/KiwanisRoyal-2025-01-576x1024.jpg\" alt=\"\" class=\"wp-image-2100\" srcset=\"https:\/\/www.kiwanis-em.de\/wp-content\/uploads\/2025\/08\/KiwanisRoyal-2025-01-576x1024.jpg 576w, https:\/\/www.kiwanis-em.de\/wp-content\/uploads\/2025\/08\/KiwanisRoyal-2025-01-169x300.jpg 169w, https:\/\/www.kiwanis-em.de\/wp-content\/uploads\/2025\/08\/KiwanisRoyal-2025-01-768x1365.jpg 768w, https:\/\/www.kiwanis-em.de\/wp-content\/uploads\/2025\/08\/KiwanisRoyal-2025-01-864x1536.jpg 864w, https:\/\/www.kiwanis-em.de\/wp-content\/uploads\/2025\/08\/KiwanisRoyal-2025-01.jpg 900w\" sizes=\"auto, (max-width: 576px) 100vw, 576px\" \/><\/figure>\n<\/div>\n\n\n\n<div class=\"wp-block-column is-layout-flow wp-block-column-is-layout-flow\">\n<figure class=\"wp-block-image size-large\"><img loading=\"lazy\" decoding=\"async\" width=\"457\" height=\"1024\" src=\"https:\/\/www.kiwanis-em.de\/wp-content\/uploads\/2025\/08\/KiwanisRoyal-2025-03-457x1024.jpg\" alt=\"\" class=\"wp-image-2098\" srcset=\"https:\/\/www.kiwanis-em.de\/wp-content\/uploads\/2025\/08\/KiwanisRoyal-2025-03-457x1024.jpg 457w, https:\/\/www.kiwanis-em.de\/wp-content\/uploads\/2025\/08\/KiwanisRoyal-2025-03-134x300.jpg 134w, https:\/\/www.kiwanis-em.de\/wp-content\/uploads\/2025\/08\/KiwanisRoyal-2025-03-685x1536.jpg 685w, https:\/\/www.kiwanis-em.de\/wp-content\/uploads\/2025\/08\/KiwanisRoyal-2025-03.jpg 714w\" sizes=\"auto, (max-width: 457px) 100vw, 457px\" \/><\/figure>\n<\/div>\n<\/div>\n\n\n\n<figure class=\"wp-block-image size-full\"><img loading=\"lazy\" decoding=\"async\" width=\"856\" height=\"840\" src=\"https:\/\/www.kiwanis-em.de\/wp-content\/uploads\/2025\/08\/KiwanisRoyal-2025-02.jpg\" alt=\"\" class=\"wp-image-2101\" srcset=\"https:\/\/www.kiwanis-em.de\/wp-content\/uploads\/2025\/08\/KiwanisRoyal-2025-02.jpg 856w, https:\/\/www.kiwanis-em.de\/wp-content\/uploads\/2025\/08\/KiwanisRoyal-2025-02-300x294.jpg 300w, https:\/\/www.kiwanis-em.de\/wp-content\/uploads\/2025\/08\/KiwanisRoyal-2025-02-768x754.jpg 768w\" sizes=\"auto, (max-width: 856px) 100vw, 856px\" \/><\/figure>\n\n\n<div class=\"wp-block-image is-style-default\">\n<figure class=\"aligncenter size-full\"><img loading=\"lazy\" decoding=\"async\" width=\"450\" height=\"800\" src=\"https:\/\/www.kiwanis-em.de\/wp-content\/uploads\/2025\/07\/KiwanisFerienschule-WA2025.jpg\" alt=\"Kiwanis Ferienschule Waldkirch 2025 \" class=\"wp-image-2011\" srcset=\"https:\/\/www.kiwanis-em.de\/wp-content\/uploads\/2025\/07\/KiwanisFerienschule-WA2025.jpg 450w, https:\/\/www.kiwanis-em.de\/wp-content\/uploads\/2025\/07\/KiwanisFerienschule-WA2025-169x300.jpg 169w\" sizes=\"auto, (max-width: 450px) 100vw, 450px\" \/><\/figure>\n<\/div>\n\n<div class=\"wp-block-image\">\n<figure class=\"aligncenter size-full is-resized\"><img loading=\"lazy\" decoding=\"async\" width=\"695\" height=\"834\" src=\"https:\/\/www.kiwanis-em.de\/wp-content\/uploads\/2025\/07\/KiwanisFerienschule-EN-2025.jpg\" alt=\"Kiwanis Ferienschule Endingen 2025\" class=\"wp-image-2009\" style=\"width:400px\" srcset=\"https:\/\/www.kiwanis-em.de\/wp-content\/uploads\/2025\/07\/KiwanisFerienschule-EN-2025.jpg 695w, https:\/\/www.kiwanis-em.de\/wp-content\/uploads\/2025\/07\/KiwanisFerienschule-EN-2025-250x300.jpg 250w\" sizes=\"auto, (max-width: 695px) 100vw, 695px\" \/><\/figure>\n<\/div>\n\n<div class=\"wp-block-image\">\n<figure class=\"aligncenter size-full\"><img loading=\"lazy\" decoding=\"async\" width=\"755\" height=\"540\" src=\"https:\/\/www.kiwanis-em.de\/wp-content\/uploads\/2025\/07\/KiwanisFerienschule-EM-2025.jpg\" alt=\"Kiwanis Ferienschule Emmendingen Denzlingen Waldkirch Endingen Herbolzheim 2025\" class=\"wp-image-2010\" srcset=\"https:\/\/www.kiwanis-em.de\/wp-content\/uploads\/2025\/07\/KiwanisFerienschule-EM-2025.jpg 755w, https:\/\/www.kiwanis-em.de\/wp-content\/uploads\/2025\/07\/KiwanisFerienschule-EM-2025-300x215.jpg 300w\" sizes=\"auto, (max-width: 755px) 100vw, 755px\" \/><\/figure>\n<\/div>\n\n\n<div class=\"wp-block-media-text is-stacked-on-mobile\" style=\"grid-template-columns:34% auto\"><figure class=\"wp-block-media-text__media\"><img loading=\"lazy\" decoding=\"async\" width=\"640\" height=\"1024\" src=\"https:\/\/www.kiwanis-em.de\/wp-content\/uploads\/2025\/07\/20250605_AvatarKim_1-640x1024.jpg\" alt=\"Mit \u201eKim\u201c kann das Kreismedienzentrum den zweiten Lern-Avatar im Landkreis begr\u00fc\u00dfen. \" class=\"wp-image-1969 size-full\" srcset=\"https:\/\/www.kiwanis-em.de\/wp-content\/uploads\/2025\/07\/20250605_AvatarKim_1-640x1024.jpg 640w, https:\/\/www.kiwanis-em.de\/wp-content\/uploads\/2025\/07\/20250605_AvatarKim_1-188x300.jpg 188w, https:\/\/www.kiwanis-em.de\/wp-content\/uploads\/2025\/07\/20250605_AvatarKim_1-768x1228.jpg 768w, https:\/\/www.kiwanis-em.de\/wp-content\/uploads\/2025\/07\/20250605_AvatarKim_1.jpg 864w\" sizes=\"auto, (max-width: 640px) 100vw, 640px\" \/><\/figure><div class=\"wp-block-media-text__content\">\n<p><strong>Mit \u201eKim\u201c kann das Kreismedienzentrum den zweiten Lern-Avatar im Landkreis begr\u00fc\u00dfen. Die Anschaffung m\u00f6glich gemacht haben gro\u00dfz\u00fcgige Spenden der BezirksLandfrauen, des Kiwanis-Clubs Emmendingen und der Freiburg Volker-Homann-Stiftung.<\/strong><\/p>\n\n\n\n<figure class=\"wp-block-image size-large\"><img loading=\"lazy\" decoding=\"async\" width=\"1024\" height=\"657\" src=\"https:\/\/www.kiwanis-em.de\/wp-content\/uploads\/2025\/07\/20250605_SpendeAvatarKim-1024x657.jpg\" alt=\"Die Anschaffung m\u00f6glich gemacht haben gro\u00dfz\u00fcgige Spenden der BezirksLandfrauen, des Kiwanis-Club Emmendingen Baden \/e.V. und der Freiburg Volker-Homann-Stiftung.\" class=\"wp-image-1970\" srcset=\"https:\/\/www.kiwanis-em.de\/wp-content\/uploads\/2025\/07\/20250605_SpendeAvatarKim-1024x657.jpg 1024w, https:\/\/www.kiwanis-em.de\/wp-content\/uploads\/2025\/07\/20250605_SpendeAvatarKim-300x193.jpg 300w, https:\/\/www.kiwanis-em.de\/wp-content\/uploads\/2025\/07\/20250605_SpendeAvatarKim-768x493.jpg 768w, https:\/\/www.kiwanis-em.de\/wp-content\/uploads\/2025\/07\/20250605_SpendeAvatarKim-1536x986.jpg 1536w, https:\/\/www.kiwanis-em.de\/wp-content\/uploads\/2025\/07\/20250605_SpendeAvatarKim.jpg 1626w\" sizes=\"auto, (max-width: 1024px) 100vw, 1024px\" \/><\/figure>\n<\/div><\/div>\n\n\n\n<figure class=\"wp-block-image size-large is-resized\"><img loading=\"lazy\" decoding=\"async\" width=\"1024\" height=\"949\" src=\"https:\/\/www.kiwanis-em.de\/wp-content\/uploads\/2025\/07\/Bericht-LaEm-AvatarKim-1024x949.jpg\" alt=\"\" class=\"wp-image-1975\" style=\"aspect-ratio:1;width:840px;height:auto\" srcset=\"https:\/\/www.kiwanis-em.de\/wp-content\/uploads\/2025\/07\/Bericht-LaEm-AvatarKim-1024x949.jpg 1024w, https:\/\/www.kiwanis-em.de\/wp-content\/uploads\/2025\/07\/Bericht-LaEm-AvatarKim-300x278.jpg 300w, https:\/\/www.kiwanis-em.de\/wp-content\/uploads\/2025\/07\/Bericht-LaEm-AvatarKim-768x712.jpg 768w, https:\/\/www.kiwanis-em.de\/wp-content\/uploads\/2025\/07\/Bericht-LaEm-AvatarKim.jpg 1057w\" sizes=\"auto, (max-width: 1024px) 100vw, 1024px\" \/><\/figure>\n\n\n\n<figure class=\"wp-block-image size-full\"><img loading=\"lazy\" decoding=\"async\" width=\"1137\" height=\"1701\" src=\"https:\/\/www.kiwanis-em.de\/wp-content\/uploads\/2025\/04\/Image1.jpg\" alt=\"\" class=\"wp-image-1828\" srcset=\"https:\/\/www.kiwanis-em.de\/wp-content\/uploads\/2025\/04\/Image1.jpg 1137w, https:\/\/www.kiwanis-em.de\/wp-content\/uploads\/2025\/04\/Image1-201x300.jpg 201w, https:\/\/www.kiwanis-em.de\/wp-content\/uploads\/2025\/04\/Image1-684x1024.jpg 684w, https:\/\/www.kiwanis-em.de\/wp-content\/uploads\/2025\/04\/Image1-768x1149.jpg 768w, https:\/\/www.kiwanis-em.de\/wp-content\/uploads\/2025\/04\/Image1-1027x1536.jpg 1027w\" sizes=\"auto, (max-width: 1137px) 100vw, 1137px\" \/><\/figure>\n\n\n\n<figure class=\"wp-block-image size-full is-style-default\"><img loading=\"lazy\" decoding=\"async\" width=\"1585\" height=\"2005\" src=\"https:\/\/www.kiwanis-em.de\/wp-content\/uploads\/2025\/04\/Image3.jpg\" alt=\"\" class=\"wp-image-1832\" srcset=\"https:\/\/www.kiwanis-em.de\/wp-content\/uploads\/2025\/04\/Image3.jpg 1585w, https:\/\/www.kiwanis-em.de\/wp-content\/uploads\/2025\/04\/Image3-237x300.jpg 237w, https:\/\/www.kiwanis-em.de\/wp-content\/uploads\/2025\/04\/Image3-809x1024.jpg 809w, https:\/\/www.kiwanis-em.de\/wp-content\/uploads\/2025\/04\/Image3-768x972.jpg 768w, https:\/\/www.kiwanis-em.de\/wp-content\/uploads\/2025\/04\/Image3-1214x1536.jpg 1214w\" sizes=\"auto, (max-width: 1585px) 100vw, 1585px\" \/><\/figure>\n","protected":false},"excerpt":{"rendered":"<p>Presse 2026 Presse 2025 Presse 2024 Presse 2023 Presse 2022 Presse 2021 Presse 2020<\/p>\n","protected":false},"author":1,"featured_media":0,"parent":0,"menu_order":0,"comment_status":"closed","ping_status":"closed","template":"","meta":{"footnotes":""},"class_list":["post-1830","page","type-page","status-publish","hentry"],"_links":{"self":[{"href":"https:\/\/www.kiwanis-em.de\/index.php\/wp-json\/wp\/v2\/pages\/1830","targetHints":{"allow":["GET"]}}],"collection":[{"href":"https:\/\/www.kiwanis-em.de\/index.php\/wp-json\/wp\/v2\/pages"}],"about":[{"href":"https:\/\/www.kiwanis-em.de\/index.php\/wp-json\/wp\/v2\/types\/page"}],"author":[{"embeddable":true,"href":"https:\/\/www.kiwanis-em.de\/index.php\/wp-json\/wp\/v2\/users\/1"}],"replies":[{"embeddable":true,"href":"https:\/\/www.kiwanis-em.de\/index.php\/wp-json\/wp\/v2\/comments?post=1830"}],"version-history":[{"count":11,"href":"https:\/\/www.kiwanis-em.de\/index.php\/wp-json\/wp\/v2\/pages\/1830\/revisions"}],"predecessor-version":[{"id":2341,"href":"https:\/\/www.kiwanis-em.de\/index.php\/wp-json\/wp\/v2\/pages\/1830\/revisions\/2341"}],"wp:attachment":[{"href":"https:\/\/www.kiwanis-em.de\/index.php\/wp-json\/wp\/v2\/media?parent=1830"}],"curies":[{"name":"wp","href":"https:\/\/api.w.org\/{rel}","templated":true}]}}