{"id":1898,"date":"2025-06-20T10:51:10","date_gmt":"2025-06-20T08:51:10","guid":{"rendered":"https:\/\/www.kiwanis-em.de\/?page_id=1898"},"modified":"2025-08-22T12:32:39","modified_gmt":"2025-08-22T10:32:39","slug":"kiwanis-royal","status":"publish","type":"page","link":"https:\/\/www.kiwanis-em.de\/index.php\/kiwanis-royal\/","title":{"rendered":"Kiwanis Royal 2025"},"content":{"rendered":"\n<blockquote class=\"wp-block-quote is-layout-flow wp-block-quote-is-layout-flow\">\n<p class=\"has-vivid-cyan-blue-color has-text-color has-link-color wp-elements-c2b0aad76764cd90a08be96ef4044c6c\">Humorvolle und nachdenkliche Lesung mit Musik von <br> u.a. Loriot, Tucholksky, K\u00e4stner u.a.; Kreislerlieder<br><\/p>\n<\/blockquote>\n\n\n\n<div class=\"wp-block-columns is-layout-flex wp-container-core-columns-is-layout-9d6595d7 wp-block-columns-is-layout-flex\">\n<div class=\"wp-block-column is-layout-flow wp-block-column-is-layout-flow\">\n<figure class=\"wp-block-image size-large\"><img loading=\"lazy\" decoding=\"async\" width=\"576\" height=\"1024\" src=\"https:\/\/www.kiwanis-em.de\/wp-content\/uploads\/2025\/08\/KiwanisRoyal-2025-04-576x1024.jpg\" alt=\"\" class=\"wp-image-2099\" srcset=\"https:\/\/www.kiwanis-em.de\/wp-content\/uploads\/2025\/08\/KiwanisRoyal-2025-04-576x1024.jpg 576w, https:\/\/www.kiwanis-em.de\/wp-content\/uploads\/2025\/08\/KiwanisRoyal-2025-04-169x300.jpg 169w, https:\/\/www.kiwanis-em.de\/wp-content\/uploads\/2025\/08\/KiwanisRoyal-2025-04-768x1365.jpg 768w, https:\/\/www.kiwanis-em.de\/wp-content\/uploads\/2025\/08\/KiwanisRoyal-2025-04-864x1536.jpg 864w, https:\/\/www.kiwanis-em.de\/wp-content\/uploads\/2025\/08\/KiwanisRoyal-2025-04.jpg 900w\" sizes=\"auto, (max-width: 576px) 100vw, 576px\" \/><\/figure>\n<\/div>\n\n\n\n<div class=\"wp-block-column is-layout-flow wp-block-column-is-layout-flow\">\n<figure class=\"wp-block-image size-large\"><img loading=\"lazy\" decoding=\"async\" width=\"457\" height=\"1024\" src=\"https:\/\/www.kiwanis-em.de\/wp-content\/uploads\/2025\/08\/KiwanisRoyal-2025-03-457x1024.jpg\" alt=\"\" class=\"wp-image-2098\" srcset=\"https:\/\/www.kiwanis-em.de\/wp-content\/uploads\/2025\/08\/KiwanisRoyal-2025-03-457x1024.jpg 457w, https:\/\/www.kiwanis-em.de\/wp-content\/uploads\/2025\/08\/KiwanisRoyal-2025-03-134x300.jpg 134w, https:\/\/www.kiwanis-em.de\/wp-content\/uploads\/2025\/08\/KiwanisRoyal-2025-03-685x1536.jpg 685w, https:\/\/www.kiwanis-em.de\/wp-content\/uploads\/2025\/08\/KiwanisRoyal-2025-03.jpg 714w\" sizes=\"auto, (max-width: 457px) 100vw, 457px\" \/><\/figure>\n<\/div>\n<\/div>\n\n\n\n<div class=\"wp-block-media-text has-media-on-the-right is-stacked-on-mobile\" style=\"grid-template-columns:auto 40%\"><div class=\"wp-block-media-text__content\">\n<h2 class=\"wp-block-heading\">M\u00c4NNER. FRAUEN.<br>Missverst\u00e4ndnisse<\/h2>\n\n\n\n<p>Humorvolle und nachdenkliche Lesung mit Musik<br>von u.a. Loriot, Tucholksky, K\u00e4stner u.a.; Kreislerlieder<\/p>\n\n\n\n<p>Lesung: Andreas Cordier, Klavier, Gesang: Johannes B\u00fcttner<br>Kunstausstellung: zum Thema MannsBilder &amp; WeibsBilder.<br>Mit dem Kauf werden unsere Benefizprojekte unterst\u00fctzt.<\/p>\n\n\n\n<p>am 09.08.2025 im Saal \u201eDie 3 K\u00f6niglichen\u201c<br>Einlass ab 17:30 Uhr, Beginn 19:00 Uhr <\/p>\n\n\n\n<p>Eintrittspreis incl. Sektempfang: 24,- \u20ac<br>Es kann a la carte gegessen und getrunken werden.<\/p>\n\n\n\n<p>Benefizveranstaltung des Kiwanisclubs Emmendingen, f\u00fcr ein L\u00e4cheln der Kinder zugunsten sozialer Projekte f\u00fcr Kinder.<\/p>\n\n\n\n<div style=\"height:57px\" aria-hidden=\"true\" class=\"wp-block-spacer\"><\/div>\n<\/div><figure class=\"wp-block-media-text__media\"><img loading=\"lazy\" decoding=\"async\" width=\"724\" height=\"1024\" src=\"https:\/\/www.kiwanis-em.de\/wp-content\/uploads\/2025\/07\/Kiwanis-Royal-Lesung-FInal-724x1024.png\" alt=\"\" class=\"wp-image-1955 size-full\" srcset=\"https:\/\/www.kiwanis-em.de\/wp-content\/uploads\/2025\/07\/Kiwanis-Royal-Lesung-FInal-724x1024.png 724w, https:\/\/www.kiwanis-em.de\/wp-content\/uploads\/2025\/07\/Kiwanis-Royal-Lesung-FInal-212x300.png 212w, https:\/\/www.kiwanis-em.de\/wp-content\/uploads\/2025\/07\/Kiwanis-Royal-Lesung-FInal-768x1087.png 768w, https:\/\/www.kiwanis-em.de\/wp-content\/uploads\/2025\/07\/Kiwanis-Royal-Lesung-FInal.png 841w\" sizes=\"auto, (max-width: 724px) 100vw, 724px\" \/><\/figure><\/div>\n","protected":false},"excerpt":{"rendered":"<p>Humorvolle und nachdenkliche Lesung mit Musik von u.a. Loriot, Tucholksky, K\u00e4stner u.a.; Kreislerlieder<\/p>\n","protected":false},"author":1,"featured_media":0,"parent":0,"menu_order":0,"comment_status":"closed","ping_status":"closed","template":"","meta":{"footnotes":""},"class_list":["post-1898","page","type-page","status-publish","hentry"],"_links":{"self":[{"href":"https:\/\/www.kiwanis-em.de\/index.php\/wp-json\/wp\/v2\/pages\/1898","targetHints":{"allow":["GET"]}}],"collection":[{"href":"https:\/\/www.kiwanis-em.de\/index.php\/wp-json\/wp\/v2\/pages"}],"about":[{"href":"https:\/\/www.kiwanis-em.de\/index.php\/wp-json\/wp\/v2\/types\/page"}],"author":[{"embeddable":true,"href":"https:\/\/www.kiwanis-em.de\/index.php\/wp-json\/wp\/v2\/users\/1"}],"replies":[{"embeddable":true,"href":"https:\/\/www.kiwanis-em.de\/index.php\/wp-json\/wp\/v2\/comments?post=1898"}],"version-history":[{"count":19,"href":"https:\/\/www.kiwanis-em.de\/index.php\/wp-json\/wp\/v2\/pages\/1898\/revisions"}],"predecessor-version":[{"id":2110,"href":"https:\/\/www.kiwanis-em.de\/index.php\/wp-json\/wp\/v2\/pages\/1898\/revisions\/2110"}],"wp:attachment":[{"href":"https:\/\/www.kiwanis-em.de\/index.php\/wp-json\/wp\/v2\/media?parent=1898"}],"curies":[{"name":"wp","href":"https:\/\/api.w.org\/{rel}","templated":true}]}}