{"id":5,"date":"2021-12-03T20:04:31","date_gmt":"2021-12-03T19:04:31","guid":{"rendered":"http:\/\/www.schweiger.com\/?page_id=5"},"modified":"2024-11-03T13:37:48","modified_gmt":"2024-11-03T12:37:48","slug":"aktuell","status":"publish","type":"page","link":"https:\/\/www.kiwanis-em.de\/index.php\/aktuell\/","title":{"rendered":"Aktuell"},"content":{"rendered":"\n<ul class=\"wp-block-list\">\n<li><strong><a href=\"https:\/\/www.kiwanis-em.de\/index.php\/kiwanis-friends-benefizkonzert\/\" data-type=\"page\" data-id=\"509\">Benefizkonzert, Kiwanis &amp; Friends 2024<\/a><\/strong><br>Benefizkonzert im Autohaus Schmolck in Emmendingen<br> <\/li>\n\n\n\n<li><strong><a href=\"https:\/\/www.kiwanis-em.de\/index.php\/songbook\/\" data-type=\"page\" data-id=\"1511\">Kiwanis Benefiz-Matin\u00e9e 2024<\/a><br><\/strong>Kinder-Mitmach-Konzert \u201eRotzNasenRock\u201c \u2013 das Kiwanis-Singlabor Songbook<br><\/li>\n\n\n\n<li><strong><a href=\"https:\/\/www.kiwanis-em.de\/index.php\/kiwanis-benefiz-eisstock-turnier\/\" data-type=\"page\" data-id=\"1495\">Kiwanis Benefiz Eisstock-Turnier 2024<\/a><\/strong><br>Benefizkonzert, Kiwanis &amp; Friends 2024 Benefizkonzert im Autohaus Schmolck in Emmendingen<br><\/li>\n\n\n\n<li><strong><a href=\"https:\/\/www.kiwanis-em.de\/index.php\/kiwanis-ferienschulen\/\" data-type=\"page\" data-id=\"511\">Kiwanis-Ferienschule 2024<\/a><\/strong><br>in Denzlingen, Emmendingen, Endingen, Herbolzheim und Waldkirch- August 2024<br><\/li>\n\n\n\n<li><strong><a href=\"https:\/\/www.kiwanis-em.de\/index.php\/kiwanis-film-klassik\/\" data-type=\"page\" data-id=\"515\">Kiwanis Film Klassik 2023<\/a><\/strong><br>Veranstaltungshalle ZFP in Emmendingen<br><\/li>\n\n\n\n<li><strong><a href=\"https:\/\/www.kiwanis-em.de\/index.php\/freundundfoerderer\/\" data-type=\"page\" data-id=\"782\">Kiwanis Foundation Emmendingen\/Baden e.V.<\/a><\/strong><br>&#8222;F\u00dcR EIN KINDERL\u00c4CHELN&#8220;<br>Treten Sie ein in den Kreis der Freunde und F\u00f6rderer! <br><\/li>\n\n\n\n<li><strong><a href=\"https:\/\/www.kiwanis-em.de\/index.php\/one-for-you\/\" data-type=\"page\" data-id=\"513\"><em>&#8222;One for You&#8220;<\/em>&nbsp;Kiwanis &amp; Friends present<\/a><\/strong><br>ONE FOR YOU ist eine 20 min\u00fctige Perfomance eines K\u00fcnstlers \u201cjust for you&#8220;, eine eins-zu-eins Begegnung zwischen H\u00f6rer:in und Musiker:in. Eine Begegnung der besonderen Art: Ein Musiker schenkt einem Gegen\u00fcber ein sehr pers\u00f6nliches Konzert \u2013 eine intime und emotionale, aber f\u00fcr beide Seiten intensive Erfahrung, die N\u00e4he trotz Distanz erm\u00f6glicht&#8230;<br><\/li>\n\n\n\n<li><strong><a href=\"https:\/\/www.kiwanis-em.de\/index.php\/kiwanis-kinder-foerderpreis\/\" data-type=\"page\" data-id=\"517\">Kiwanis Kinder-F\u00f6rderpreis 2018<\/a><\/strong><br>Der Kiwanis-Club Emmendingen zeichnet mit dem Kinder-F\u00f6rderpreis Gruppen oder Einzelpersonen im Landkreis Emmendingen aus, die sich ehrenamtlich f\u00fcr die Belange von Kindern und Jugendlichen einsetzen.<br><\/li>\n<\/ul>\n\n\n\n<p><\/p>\n\n\n\n<p><\/p>\n\n\n\n<p><\/p>\n\n\n\n<p><\/p>\n","protected":false},"excerpt":{"rendered":"","protected":false},"author":1,"featured_media":0,"parent":0,"menu_order":0,"comment_status":"closed","ping_status":"closed","template":"","meta":{"footnotes":""},"class_list":["post-5","page","type-page","status-publish","hentry"],"_links":{"self":[{"href":"https:\/\/www.kiwanis-em.de\/index.php\/wp-json\/wp\/v2\/pages\/5","targetHints":{"allow":["GET"]}}],"collection":[{"href":"https:\/\/www.kiwanis-em.de\/index.php\/wp-json\/wp\/v2\/pages"}],"about":[{"href":"https:\/\/www.kiwanis-em.de\/index.php\/wp-json\/wp\/v2\/types\/page"}],"author":[{"embeddable":true,"href":"https:\/\/www.kiwanis-em.de\/index.php\/wp-json\/wp\/v2\/users\/1"}],"replies":[{"embeddable":true,"href":"https:\/\/www.kiwanis-em.de\/index.php\/wp-json\/wp\/v2\/comments?post=5"}],"version-history":[{"count":12,"href":"https:\/\/www.kiwanis-em.de\/index.php\/wp-json\/wp\/v2\/pages\/5\/revisions"}],"predecessor-version":[{"id":1664,"href":"https:\/\/www.kiwanis-em.de\/index.php\/wp-json\/wp\/v2\/pages\/5\/revisions\/1664"}],"wp:attachment":[{"href":"https:\/\/www.kiwanis-em.de\/index.php\/wp-json\/wp\/v2\/media?parent=5"}],"curies":[{"name":"wp","href":"https:\/\/api.w.org\/{rel}","templated":true}]}}