{"id":509,"date":"2022-02-25T17:19:41","date_gmt":"2022-02-25T16:19:41","guid":{"rendered":"http:\/\/test.kiwanis-em.de\/?page_id=509"},"modified":"2025-10-18T18:24:43","modified_gmt":"2025-10-18T16:24:43","slug":"kiwanis-friends-benefizkonzert","status":"publish","type":"page","link":"https:\/\/www.kiwanis-em.de\/index.php\/kiwanis-friends-benefizkonzert\/","title":{"rendered":"Kiwanis &amp; Friends Benefizkonzert 2025"},"content":{"rendered":"\n<blockquote class=\"wp-block-quote is-layout-flow wp-block-quote-is-layout-flow\">\n<p><\/p>\n<\/blockquote>\n\n\n\n<blockquote class=\"wp-block-quote is-layout-flow wp-block-quote-is-layout-flow\">\n<p><mark style=\"background-color:rgba(0, 0, 0, 0)\" class=\"has-inline-color has-vivid-cyan-blue-color\"><strong>The Greatest Band<\/strong> <\/mark><br><mark style=\"background-color:rgba(0, 0, 0, 0)\" class=\"has-inline-color has-vivid-cyan-blue-color\">-Soul, Funk &amp; Disco-Feeling- <br><strong>Benefizkonzert <\/strong>am <strong>18.10.2025 20:00 Uhr im Autohaus Schmolck<\/strong><\/mark><\/p>\n<\/blockquote>\n\n\n\n<div class=\"wp-block-media-text has-media-on-the-right is-stacked-on-mobile is-vertically-aligned-top\" style=\"grid-template-columns:auto 42%\"><div class=\"wp-block-media-text__content\">\n<p>Kiwanis &amp; Friends l\u00e4dt allj\u00e4hrlich ein, erstmals in 2012, zum Benefizkonzert zugunsten der&nbsp;<strong>Kiwanis-Ferienschule<\/strong>&nbsp;sowie weiteren sozialen Projekten f\u00fcr Kinder und Jugendliche.<\/p>\n\n\n\n<p><strong><mark style=\"background-color:rgba(0, 0, 0, 0)\" class=\"has-inline-color has-vivid-cyan-blue-color\">The Greatest Band &#8230;Soul, Funk &amp; Disco-Feeling&#8230;<\/mark><br><br><mark style=\"background-color:rgba(0, 0, 0, 0)\" class=\"has-inline-color has-vivid-cyan-blue-color\">Samstag 18.10.2025, 20:00 Uhr<\/mark><br><mark style=\"background-color:rgba(0, 0, 0, 0)\" class=\"has-inline-color has-vivid-cyan-blue-color\">Im Autohaus Schmolck, <\/mark><br><mark style=\"background-color:rgba(0, 0, 0, 0)\" class=\"has-inline-color has-vivid-cyan-blue-color\">Am Elzdamm 2, 79312 Emmendingen <\/mark><\/strong><\/p>\n\n\n\n<p>Ein musikalisches Feuerwerk!<br>The Greatest Band aus Ghana! Tribute-Band mit Heart &amp; Soul: Songs von James Brown, Stevie Wonder, Whitney Houston, Michael Jackson, Diana Ross und vielen mehr!<br><br>Benefizkonzert zugunsten der Kiwanis-Ferien-schulen und weiterer sozialer Projekte.<br>Eintritt: VVK 34 \u20ac, Abendkasse 39 \u20ac \u2013 inklusive Begr\u00fc\u00dfungssekt. Einlass: 18:30 Uhr.<br>Catering: Adler Glottertal u.a. mit Chili con und sin Carne.<br>Tickets: Badische Zeitung in EM, Autohaus Schmolck, Goldschmiede Detail in EM oder gleich hier online&#8230;<\/p>\n\n\n\n<p><\/p>\n<\/div><figure class=\"wp-block-media-text__media\"><img loading=\"lazy\" decoding=\"async\" width=\"724\" height=\"1024\" src=\"https:\/\/www.kiwanis-em.de\/wp-content\/uploads\/2025\/08\/TGB-Plakat-A2_opt-724x1024.jpg\" alt=\"\" class=\"wp-image-2037 size-full\" srcset=\"https:\/\/www.kiwanis-em.de\/wp-content\/uploads\/2025\/08\/TGB-Plakat-A2_opt-724x1024.jpg 724w, https:\/\/www.kiwanis-em.de\/wp-content\/uploads\/2025\/08\/TGB-Plakat-A2_opt-212x300.jpg 212w, https:\/\/www.kiwanis-em.de\/wp-content\/uploads\/2025\/08\/TGB-Plakat-A2_opt-768x1086.jpg 768w, https:\/\/www.kiwanis-em.de\/wp-content\/uploads\/2025\/08\/TGB-Plakat-A2_opt.jpg 1080w\" sizes=\"auto, (max-width: 724px) 100vw, 724px\" \/><\/figure><\/div>\n\n\n\n<p id=\"Tickets\"><\/p>\n\n\n\n<p id=\"Tickets\">Applaus f\u00fcr unsere Hauptsponsoren:<\/p>\n\n\n\n<div class=\"wp-block-columns is-layout-flex wp-container-core-columns-is-layout-9d6595d7 wp-block-columns-is-layout-flex\">\n<div class=\"wp-block-column is-layout-flow wp-block-column-is-layout-flow\">\n<figure class=\"wp-block-image size-full\"><a href=\"https:\/\/www.schmolck.de\" target=\"_blank\" rel=\" noreferrer noopener\"><img decoding=\"async\" src=\"https:\/\/www.kiwanis-em.de\/wp-content\/uploads\/2025\/08\/sponsor01.png\" alt=\"\" class=\"wp-image-2069\"\/><\/a><\/figure>\n\n\n\n<figure class=\"wp-block-image size-full\"><a href=\"https:\/\/www.sparkasse-freiburg.de\" target=\"_blank\" rel=\" noreferrer noopener\"><img decoding=\"async\" src=\"https:\/\/www.kiwanis-em.de\/wp-content\/uploads\/2025\/08\/sponsor02.png\" alt=\"\" class=\"wp-image-2059\"\/><\/a><\/figure>\n\n\n\n<figure class=\"wp-block-image size-full\"><a href=\"https:\/\/sick-stiftung.org\/rws\" target=\"_blank\" rel=\" noreferrer noopener\"><img decoding=\"async\" src=\"https:\/\/www.kiwanis-em.de\/wp-content\/uploads\/2025\/08\/sponsor03.png\" alt=\"\" class=\"wp-image-2060\"\/><\/a><\/figure>\n<\/div>\n\n\n\n<div class=\"wp-block-column is-layout-flow wp-block-column-is-layout-flow\">\n<div class=\"wp-block-columns is-layout-flex wp-container-core-columns-is-layout-9d6595d7 wp-block-columns-is-layout-flex\">\n<div class=\"wp-block-column is-layout-flow wp-block-column-is-layout-flow\">\n<figure class=\"wp-block-image size-full\"><a href=\"https:\/\/www.bauer-ag.de\/\" target=\"_blank\" rel=\" noreferrer noopener\"><img decoding=\"async\" src=\"https:\/\/www.kiwanis-em.de\/wp-content\/uploads\/2025\/08\/sponsor04.png\" alt=\"\" class=\"wp-image-2061\"\/><\/a><\/figure>\n<\/div>\n\n\n\n<div class=\"wp-block-column is-layout-flow wp-block-column-is-layout-flow\">\n<figure class=\"wp-block-image size-full\"><a href=\"https:\/\/www.emmendingen.de\/\" target=\"_blank\" rel=\" noreferrer noopener\"><img loading=\"lazy\" decoding=\"async\" width=\"165\" height=\"150\" src=\"https:\/\/www.kiwanis-em.de\/wp-content\/uploads\/2025\/08\/sponsor05.png\" alt=\"\" class=\"wp-image-2077\"\/><\/a><\/figure>\n<\/div>\n<\/div>\n\n\n\n<figure class=\"wp-block-image size-full\"><a href=\"https:\/\/praxis-an-der-elz.de\/\" target=\"_blank\" rel=\" noreferrer noopener\"><img decoding=\"async\" src=\"https:\/\/www.kiwanis-em.de\/wp-content\/uploads\/2025\/08\/sponsor06.png\" alt=\"\" class=\"wp-image-2063\"\/><\/a><\/figure>\n\n\n\n<figure class=\"wp-block-image size-full\"><a href=\"https:\/\/hoffmann-druck.de\/\" target=\"_blank\" rel=\" noreferrer noopener\"><img decoding=\"async\" src=\"https:\/\/www.kiwanis-em.de\/wp-content\/uploads\/2025\/08\/sponsor07.png\" alt=\"\" class=\"wp-image-2064\"\/><\/a><\/figure>\n<\/div>\n\n\n\n<div class=\"wp-block-column is-layout-flow wp-block-column-is-layout-flow\">\n<figure class=\"wp-block-image size-full\"><a href=\"https:\/\/www.badische-zeitung.de\/\" target=\"_blank\" rel=\" noreferrer noopener\"><img decoding=\"async\" src=\"https:\/\/www.kiwanis-em.de\/wp-content\/uploads\/2025\/08\/sponsor09.png\" alt=\"\" class=\"wp-image-2068\"\/><\/a><\/figure>\n\n\n\n<figure class=\"wp-block-image size-full\"><a href=\"https:\/\/mammagamma.de\/\" target=\"_blank\" rel=\" noreferrer noopener\"><img decoding=\"async\" src=\"https:\/\/www.kiwanis-em.de\/wp-content\/uploads\/2025\/08\/sponsor10.png\" alt=\"\" class=\"wp-image-2067\"\/><\/a><\/figure>\n\n\n\n<figure class=\"wp-block-image size-full\"><a href=\"https:\/\/www.ruf-schlenker.de\/de\"><img loading=\"lazy\" decoding=\"async\" width=\"330\" height=\"75\" src=\"https:\/\/www.kiwanis-em.de\/wp-content\/uploads\/2025\/09\/sponsor08.png\" alt=\"\" class=\"wp-image-2158\" srcset=\"https:\/\/www.kiwanis-em.de\/wp-content\/uploads\/2025\/09\/sponsor08.png 330w, https:\/\/www.kiwanis-em.de\/wp-content\/uploads\/2025\/09\/sponsor08-300x68.png 300w\" sizes=\"auto, (max-width: 330px) 100vw, 330px\" \/><\/a><\/figure>\n\n\n\n<figure class=\"wp-block-image size-full\"><a href=\"https:\/\/www.backm.it\/\" target=\"_blank\" rel=\" noreferrer noopener\"><img decoding=\"async\" src=\"https:\/\/www.kiwanis-em.de\/wp-content\/uploads\/2025\/08\/sponsor11.png\" alt=\"\" class=\"wp-image-2065\"\/><\/a><\/figure>\n<\/div>\n<\/div>\n\n\n\n<div style=\"height:278px\" aria-hidden=\"true\" class=\"wp-block-spacer\"><\/div>\n\n\n\n<p class=\"has-vivid-cyan-blue-color has-text-color has-link-color has-large-font-size wp-elements-dcecf50c5225609c7237d68e9afc951c\">R\u00fcckblick:<br><mark style=\"background-color:rgba(0, 0, 0, 0)\" class=\"has-inline-color has-vivid-cyan-blue-color\"><strong>Das war unser Konzert in 2024<\/strong><\/mark><\/p>\n\n\n\n<p>Kiwanis &amp; Friends l\u00e4dt allj\u00e4hrlich ein, erstmals in 2012, zum Benefizkonzert<br>zugunsten der&nbsp;<strong>Kiwanis-Ferienschule<\/strong>&nbsp;sowie weiteren sozialen Projekten f\u00fcr Kinder und Jugendliche.<\/p>\n\n\n\n<blockquote class=\"wp-block-quote is-layout-flow wp-block-quote-is-layout-flow\">\n<blockquote class=\"wp-block-quote is-layout-flow wp-block-quote-is-layout-flow\">\n<p><\/p>\n<\/blockquote>\n<\/blockquote>\n\n\n\n<h2 class=\"wp-block-heading\" style=\"font-size:26px\">NACHT DER <br>&nbsp;&nbsp;&nbsp;&nbsp;&nbsp;&nbsp;&nbsp;&nbsp;&nbsp;&nbsp;&nbsp;&nbsp;&nbsp;Film-Musik <br> &nbsp;&nbsp;&nbsp;&nbsp;&nbsp;&nbsp;&nbsp;&nbsp;&nbsp;&nbsp;&nbsp;&nbsp;&nbsp;&nbsp;&nbsp;&nbsp;&nbsp;&nbsp;&nbsp;&nbsp;Meisterwerke des Kinos<br><br><strong>Kilian Heitzler BigBand featuring <\/strong><br>&nbsp;&nbsp;&nbsp;&nbsp;&nbsp;&nbsp;&nbsp;&nbsp;&nbsp;&nbsp;&nbsp;&nbsp;&nbsp;Mariame Chakly und Rainer Lenz<br><br><strong>Samstag 16.11.2024, 20:00 Uhr<sub><br><\/sub>Im Autohaus Schmolck, 79312 Emmendingen, Am Elzdamm 2<\/strong><\/h2>\n\n\n\n<p><\/p>\n\n\n\n<blockquote class=\"wp-block-quote is-layout-flow wp-block-quote-is-layout-flow\">\n<p><strong>Das war unser Kiwanis &amp; Friends Benefizkonzert 2024<\/strong><\/p>\n<\/blockquote>\n\n\n\n<div class=\"wp-block-columns is-layout-flex wp-container-core-columns-is-layout-9d6595d7 wp-block-columns-is-layout-flex\">\n<div class=\"wp-block-column is-layout-flow wp-block-column-is-layout-flow\" style=\"flex-basis:66.66%\">\n<figure class=\"wp-block-video\"><video height=\"480\" style=\"aspect-ratio: 848 \/ 480;\" width=\"848\" controls src=\"https:\/\/www.kiwanis-em.de\/wp-content\/uploads\/2024\/11\/Konzert-2024.mp4\"><\/video><\/figure>\n<\/div>\n\n\n\n<div class=\"wp-block-column is-layout-flow wp-block-column-is-layout-flow\" style=\"flex-basis:33.33%\"><\/div>\n<\/div>\n\n\n\n<figure class=\"wp-block-image size-full is-resized is-style-default\"><a href=\"https:\/\/www.kiwanis-em.de\/wp-content\/uploads\/2024\/10\/Benefizkonzert-Flyer.pdf\" target=\"_blank\" rel=\"noreferrer noopener\"><img loading=\"lazy\" decoding=\"async\" width=\"1212\" height=\"1103\" src=\"https:\/\/www.kiwanis-em.de\/wp-content\/uploads\/2024\/10\/BenefizKonzert2024-1.jpg\" alt=\"\" class=\"wp-image-1586\" style=\"width:839px;height:auto\" srcset=\"https:\/\/www.kiwanis-em.de\/wp-content\/uploads\/2024\/10\/BenefizKonzert2024-1.jpg 1212w, https:\/\/www.kiwanis-em.de\/wp-content\/uploads\/2024\/10\/BenefizKonzert2024-1-300x273.jpg 300w, https:\/\/www.kiwanis-em.de\/wp-content\/uploads\/2024\/10\/BenefizKonzert2024-1-1024x932.jpg 1024w, https:\/\/www.kiwanis-em.de\/wp-content\/uploads\/2024\/10\/BenefizKonzert2024-1-768x699.jpg 768w\" sizes=\"auto, (max-width: 1212px) 100vw, 1212px\" \/><\/a><\/figure>\n\n\n\n<blockquote class=\"wp-block-quote is-layout-flow wp-block-quote-is-layout-flow\">\n<p class=\"has-black-color has-text-color has-link-color wp-elements-2fc0315004f891cea843eba797fa0ef4\"><strong>Benefizkonzert zugunsten der Kiwanis-Ferienschulen und weiterer sozialer Projekte.<br>Eintritt VVK 29 \u20ac, Abendkasse 35 \u20ac \u2013 inkl. Begr\u00fc\u00dfungssekt. Einlass 18:30 Uhr.<br>VVK: Badische Zeitung EM, Autohaus Schmolck, Goldschmiede Detail Emmendingen<br>F\u00fcr Speisen sorgt der Adler Glottertal mit Chili con &amp; sin carne u. v. m.<\/strong><\/p>\n<\/blockquote>\n\n\n\n<blockquote class=\"wp-block-quote is-layout-flow wp-block-quote-is-layout-flow\" id=\"Ticketbestellung\">\n<p class=\"has-vivid-cyan-blue-color has-text-color has-medium-font-size\"><\/p>\n<\/blockquote>\n\n\n\n<p><\/p>\n\n\n\n<figure class=\"wp-block-image size-large is-resized\"><img loading=\"lazy\" decoding=\"async\" width=\"1024\" height=\"186\" src=\"https:\/\/www.kiwanis-em.de\/wp-content\/uploads\/2024\/10\/BenefizKonzertSponsoren2024-1024x186.jpg\" alt=\"\" class=\"wp-image-1591\" style=\"width:850px;height:undefinedpx\" srcset=\"https:\/\/www.kiwanis-em.de\/wp-content\/uploads\/2024\/10\/BenefizKonzertSponsoren2024-1024x186.jpg 1024w, https:\/\/www.kiwanis-em.de\/wp-content\/uploads\/2024\/10\/BenefizKonzertSponsoren2024-300x55.jpg 300w, https:\/\/www.kiwanis-em.de\/wp-content\/uploads\/2024\/10\/BenefizKonzertSponsoren2024-768x140.jpg 768w, https:\/\/www.kiwanis-em.de\/wp-content\/uploads\/2024\/10\/BenefizKonzertSponsoren2024-1536x279.jpg 1536w, https:\/\/www.kiwanis-em.de\/wp-content\/uploads\/2024\/10\/BenefizKonzertSponsoren2024-2048x372.jpg 2048w\" sizes=\"auto, (max-width: 1024px) 100vw, 1024px\" \/><\/figure>\n\n\n\n<p class=\"has-text-align-left\"><\/p>\n\n\n\n<p><\/p>\n\n\n\n<div style=\"height:98px\" aria-hidden=\"true\" class=\"wp-block-spacer\"><\/div>\n","protected":false},"excerpt":{"rendered":"<p>The Greatest Band -Soul, Funk &amp; Disco-Feeling- Benefizkonzert am 18.10.2025 20:00 Uhr im Autohaus Schmolck Kiwanis &amp; Friends l\u00e4dt allj\u00e4hrlich ein, erstmals in 2012, zum&hellip;<\/p>\n","protected":false},"author":1,"featured_media":0,"parent":0,"menu_order":0,"comment_status":"closed","ping_status":"closed","template":"","meta":{"footnotes":""},"class_list":["post-509","page","type-page","status-publish","hentry"],"_links":{"self":[{"href":"https:\/\/www.kiwanis-em.de\/index.php\/wp-json\/wp\/v2\/pages\/509","targetHints":{"allow":["GET"]}}],"collection":[{"href":"https:\/\/www.kiwanis-em.de\/index.php\/wp-json\/wp\/v2\/pages"}],"about":[{"href":"https:\/\/www.kiwanis-em.de\/index.php\/wp-json\/wp\/v2\/types\/page"}],"author":[{"embeddable":true,"href":"https:\/\/www.kiwanis-em.de\/index.php\/wp-json\/wp\/v2\/users\/1"}],"replies":[{"embeddable":true,"href":"https:\/\/www.kiwanis-em.de\/index.php\/wp-json\/wp\/v2\/comments?post=509"}],"version-history":[{"count":115,"href":"https:\/\/www.kiwanis-em.de\/index.php\/wp-json\/wp\/v2\/pages\/509\/revisions"}],"predecessor-version":[{"id":2281,"href":"https:\/\/www.kiwanis-em.de\/index.php\/wp-json\/wp\/v2\/pages\/509\/revisions\/2281"}],"wp:attachment":[{"href":"https:\/\/www.kiwanis-em.de\/index.php\/wp-json\/wp\/v2\/media?parent=509"}],"curies":[{"name":"wp","href":"https:\/\/api.w.org\/{rel}","templated":true}]}}