{"id":513,"date":"2022-02-25T17:20:21","date_gmt":"2022-02-25T16:20:21","guid":{"rendered":"http:\/\/test.kiwanis-em.de\/?page_id=513"},"modified":"2022-04-20T23:09:24","modified_gmt":"2022-04-20T21:09:24","slug":"one-for-you","status":"publish","type":"page","link":"https:\/\/www.kiwanis-em.de\/index.php\/one-for-you\/","title":{"rendered":"One for You"},"content":{"rendered":"\n<h3 class=\"wp-block-heading\">Kiwanis &amp; Friends present &#8222;One for You&#8220;<\/h3>\n\n\n\n<div class=\"wp-block-image\"><figure class=\"aligncenter size-large is-resized\"><img loading=\"lazy\" decoding=\"async\" src=\"https:\/\/www.kiwanis-em.de\/wp-content\/uploads\/2022\/03\/One4You-1024x718.jpg\" alt=\"\" class=\"wp-image-549\" width=\"970\" height=\"679\" srcset=\"https:\/\/www.kiwanis-em.de\/wp-content\/uploads\/2022\/03\/One4You-1024x718.jpg 1024w, https:\/\/www.kiwanis-em.de\/wp-content\/uploads\/2022\/03\/One4You-300x210.jpg 300w, https:\/\/www.kiwanis-em.de\/wp-content\/uploads\/2022\/03\/One4You-768x538.jpg 768w, https:\/\/www.kiwanis-em.de\/wp-content\/uploads\/2022\/03\/One4You.jpg 1278w\" sizes=\"auto, (max-width: 970px) 100vw, 970px\" \/><\/figure><\/div>\n\n\n\n<p><\/p>\n\n\n\n<div class=\"wp-block-image\"><figure class=\"aligncenter size-full is-resized\"><img loading=\"lazy\" decoding=\"async\" src=\"https:\/\/www.kiwanis-em.de\/wp-content\/uploads\/2022\/04\/image001.jpg\" alt=\"Rainer Lenz\" class=\"wp-image-594\" width=\"974\" height=\"731\" srcset=\"https:\/\/www.kiwanis-em.de\/wp-content\/uploads\/2022\/04\/image001.jpg 640w, https:\/\/www.kiwanis-em.de\/wp-content\/uploads\/2022\/04\/image001-300x225.jpg 300w\" sizes=\"auto, (max-width: 974px) 100vw, 974px\" \/><figcaption>Rainer Lenz<\/figcaption><\/figure><\/div>\n\n\n\n<p>K\u00fcnstler erschaffen Kraftorte und erspielen Spendenbeitr\u00e4ge f\u00fcr die KIWANIS FERIENSCHULE und die eigene Existenz. Das Kulturleben in Emmendingen und der Regio ist w\u00e4hrend der Pandemie komplett zum Erliegen gekommen. Wobei das Kulturerlebnis genau das Gegenteil will: In Gemeinschaft etwas zu erleben.<\/p>\n\n\n\n<p>Mit \u201cONE FOR YOU\u201d hat KIWANIS&amp;FRIENDS ein Konzerterlebnis kreiert, das unter Ber\u00fccksichtigung aller geltenden Corona-Schutzma\u00dfnahmen durchf\u00fchrbar wurde. Inspiriert wurde die Aktion von den 1to1concerts\u00ae mit Musikern gro\u00dfer Orchester wie SWR Sinfonieorchester, Berliner Philharmoniker etc. siehe: https:\/\/1to1concerts.de<\/p>\n\n\n\n<p>Wer spielt? Ob Jazz, Pop oder Klassik, aus unserem K\u00fcnstler-Portfolio k\u00f6nnen Sie ausw\u00e4hlen. Auch f\u00fcr die Spielorte k\u00f6nnen Sie sich ungew\u00f6hnliches Terrain aussuchen \u2013 Sie organisieren den Ort f\u00fcr die \u201cONE FOR YOU&#8220;- Konzerte. Das k\u00f6nnen etablierte Konzertlocations sein, Kunstgalerien, ein ruhiger Hinterhof, eine leerstehende Fabrikhalle, ein Schrebergarten oder auch private Gastgeber*innen stellen ihre R\u00e4umlichkeiten daf\u00fcr zur Verf\u00fcgung.<\/p>\n\n\n\n<p>ONE FOR YOU ist eine ca. 20 min\u00fctige Perfomance eines K\u00fcnstlers \u201cjust for you&#8220;, eine eins-zu-eins Begegnung zwischen H\u00f6rer*innen und Musiker*in. Eine Begegnung der besonderen Art: Ein Musiker spielt ein sehr pers\u00f6nliches Konzert \u2013 eine intime und emotionale, aber f\u00fcr beide Seiten intensive Erfahrung. Heute, ist es m\u00f6glich auch f\u00fcr ganze Gesellschaften dieses besondere Konzerterlebnis zu buchen oder zu verschenken.<\/p>\n\n\n\n<p>So geht es: Sie buchen einen K\u00fcnstler:in (auch Duos sind buchbar) f\u00fcr sich oder als Geschenk f\u00fcr Ihre Freunde f\u00fcr ein 20-min\u00fctiges Solokonzert mit einem Gutschein f\u00fcr 150,-\u20ac (Duo 300,-) bei KIWANIS Club Emmendingen\/ Baden e.V. Details wie Terminwunsch, Stilwunsch besprechen Sie mit dem Kiwanis-Projekt-Organisator Werner Englert per Mail.<\/p>\n\n\n\n<p>Kontakt: mail@werner-englert.de.<\/p>\n\n\n\n<p>Charity-Konten: IBAN: DE94 68050101 00110741 04 Sparkasse N\u00f6rdlicher Breisgau<br>IBAN: DE45 6809 2000 0010 8561 08 Volksbank Breisgau Nord<\/p>\n\n\n\n<p class=\"has-vivid-red-color has-text-color\"><strong>\u00dcbersicht der K\u00fcnstler als PDF Datei -&gt; <a rel=\"noreferrer noopener\" href=\"https:\/\/www.kiwanis-em.de\/wp-content\/uploads\/2022\/04\/Web-Pages-On-for-You-9.pdf\" data-type=\"URL\" data-id=\"https:\/\/www.kiwanis-em.de\/wp-content\/uploads\/2022\/04\/Web-Pages-On-for-You-9.pdf\" target=\"_blank\">\u00dcbersicht der K\u00fcnstler One4you.pdf<\/a><\/strong><\/p>\n\n\n\n<figure class=\"wp-block-image size-large\"><img loading=\"lazy\" decoding=\"async\" width=\"1024\" height=\"725\" src=\"https:\/\/www.kiwanis-em.de\/wp-content\/uploads\/2022\/04\/One4You-Kuenstler1-1024x725.jpg\" alt=\"\" class=\"wp-image-613\" srcset=\"https:\/\/www.kiwanis-em.de\/wp-content\/uploads\/2022\/04\/One4You-Kuenstler1-1024x725.jpg 1024w, https:\/\/www.kiwanis-em.de\/wp-content\/uploads\/2022\/04\/One4You-Kuenstler1-300x212.jpg 300w, https:\/\/www.kiwanis-em.de\/wp-content\/uploads\/2022\/04\/One4You-Kuenstler1-768x543.jpg 768w, https:\/\/www.kiwanis-em.de\/wp-content\/uploads\/2022\/04\/One4You-Kuenstler1-1536x1087.jpg 1536w, https:\/\/www.kiwanis-em.de\/wp-content\/uploads\/2022\/04\/One4You-Kuenstler1.jpg 1754w\" sizes=\"auto, (max-width: 1024px) 100vw, 1024px\" \/><\/figure>\n\n\n\n<figure class=\"wp-block-image size-large\"><img loading=\"lazy\" decoding=\"async\" width=\"1024\" height=\"725\" src=\"https:\/\/www.kiwanis-em.de\/wp-content\/uploads\/2022\/04\/One4You-Kuenstler2-1024x725.jpg\" alt=\"\" class=\"wp-image-614\" srcset=\"https:\/\/www.kiwanis-em.de\/wp-content\/uploads\/2022\/04\/One4You-Kuenstler2-1024x725.jpg 1024w, https:\/\/www.kiwanis-em.de\/wp-content\/uploads\/2022\/04\/One4You-Kuenstler2-300x212.jpg 300w, https:\/\/www.kiwanis-em.de\/wp-content\/uploads\/2022\/04\/One4You-Kuenstler2-768x543.jpg 768w, https:\/\/www.kiwanis-em.de\/wp-content\/uploads\/2022\/04\/One4You-Kuenstler2-1536x1087.jpg 1536w, https:\/\/www.kiwanis-em.de\/wp-content\/uploads\/2022\/04\/One4You-Kuenstler2.jpg 1754w\" sizes=\"auto, (max-width: 1024px) 100vw, 1024px\" \/><\/figure>\n\n\n\n<figure class=\"wp-block-image size-large\"><img loading=\"lazy\" decoding=\"async\" width=\"1024\" height=\"725\" src=\"https:\/\/www.kiwanis-em.de\/wp-content\/uploads\/2022\/04\/One4You-Kuenstler3-1024x725.jpg\" alt=\"\" class=\"wp-image-615\" srcset=\"https:\/\/www.kiwanis-em.de\/wp-content\/uploads\/2022\/04\/One4You-Kuenstler3-1024x725.jpg 1024w, https:\/\/www.kiwanis-em.de\/wp-content\/uploads\/2022\/04\/One4You-Kuenstler3-300x212.jpg 300w, https:\/\/www.kiwanis-em.de\/wp-content\/uploads\/2022\/04\/One4You-Kuenstler3-768x543.jpg 768w, https:\/\/www.kiwanis-em.de\/wp-content\/uploads\/2022\/04\/One4You-Kuenstler3-1536x1087.jpg 1536w, https:\/\/www.kiwanis-em.de\/wp-content\/uploads\/2022\/04\/One4You-Kuenstler3.jpg 1754w\" sizes=\"auto, (max-width: 1024px) 100vw, 1024px\" \/><\/figure>\n\n\n\n<p class=\"has-vivid-red-color has-text-color\"><strong>Buchen PDF Formular -&gt; <a rel=\"noreferrer noopener\" href=\"https:\/\/www.kiwanis-em.de\/wp-content\/uploads\/2022\/03\/One4You.pdf\" data-type=\"URL\" data-id=\"https:\/\/www.kiwanis-em.de\/wp-content\/uploads\/2022\/03\/One4You.pdf\" target=\"_blank\">one4you.pdf <\/a><\/strong><\/p>\n\n\n\n<h2 class=\"has-vivid-green-cyan-color has-text-color has-x-large-font-size wp-block-heading\"><strong>Impressionen von One4You Konzerten<\/strong>: <\/h2>\n\n\n\n<figure class=\"wp-block-gallery has-nested-images columns-default is-cropped wp-block-gallery-1 is-layout-flex wp-block-gallery-is-layout-flex\">\n<figure class=\"wp-block-image size-large\"><img loading=\"lazy\" decoding=\"async\" width=\"360\" height=\"640\" data-id=\"618\" src=\"https:\/\/www.kiwanis-em.de\/wp-content\/uploads\/2022\/04\/20210515_171052-rotated.jpeg\" alt=\"\" class=\"wp-image-618\" srcset=\"https:\/\/www.kiwanis-em.de\/wp-content\/uploads\/2022\/04\/20210515_171052-rotated.jpeg 360w, https:\/\/www.kiwanis-em.de\/wp-content\/uploads\/2022\/04\/20210515_171052-169x300.jpeg 169w\" sizes=\"auto, (max-width: 360px) 100vw, 360px\" \/><\/figure>\n\n\n\n<figure class=\"wp-block-image size-large\"><img loading=\"lazy\" decoding=\"async\" width=\"768\" height=\"1024\" data-id=\"597\" src=\"https:\/\/www.kiwanis-em.de\/wp-content\/uploads\/2022\/04\/image003-1-768x1024.jpg\" alt=\"\" class=\"wp-image-597\" srcset=\"https:\/\/www.kiwanis-em.de\/wp-content\/uploads\/2022\/04\/image003-1-768x1024.jpg 768w, https:\/\/www.kiwanis-em.de\/wp-content\/uploads\/2022\/04\/image003-1-225x300.jpg 225w, https:\/\/www.kiwanis-em.de\/wp-content\/uploads\/2022\/04\/image003-1.jpg 1152w\" sizes=\"auto, (max-width: 768px) 100vw, 768px\" \/><\/figure>\n\n\n\n<figure class=\"wp-block-image size-large\"><img loading=\"lazy\" decoding=\"async\" width=\"480\" height=\"640\" data-id=\"595\" src=\"https:\/\/www.kiwanis-em.de\/wp-content\/uploads\/2022\/04\/IMG_3499-rotated.jpg\" alt=\"\" class=\"wp-image-595\" srcset=\"https:\/\/www.kiwanis-em.de\/wp-content\/uploads\/2022\/04\/IMG_3499-rotated.jpg 480w, https:\/\/www.kiwanis-em.de\/wp-content\/uploads\/2022\/04\/IMG_3499-225x300.jpg 225w\" sizes=\"auto, (max-width: 480px) 100vw, 480px\" \/><\/figure>\n<\/figure>\n\n\n\n<figure class=\"wp-block-gallery has-nested-images columns-default is-cropped wp-block-gallery-2 is-layout-flex wp-block-gallery-is-layout-flex\">\n<figure class=\"wp-block-image size-large\"><img loading=\"lazy\" decoding=\"async\" width=\"1024\" height=\"682\" data-id=\"617\" src=\"https:\/\/www.kiwanis-em.de\/wp-content\/uploads\/2022\/04\/83893c8f-0290-4490-9e1a-5d61708e17aa.jpg\" alt=\"\" class=\"wp-image-617\" srcset=\"https:\/\/www.kiwanis-em.de\/wp-content\/uploads\/2022\/04\/83893c8f-0290-4490-9e1a-5d61708e17aa.jpg 1024w, https:\/\/www.kiwanis-em.de\/wp-content\/uploads\/2022\/04\/83893c8f-0290-4490-9e1a-5d61708e17aa-300x200.jpg 300w, https:\/\/www.kiwanis-em.de\/wp-content\/uploads\/2022\/04\/83893c8f-0290-4490-9e1a-5d61708e17aa-768x512.jpg 768w\" sizes=\"auto, (max-width: 1024px) 100vw, 1024px\" \/><\/figure>\n\n\n\n<figure class=\"wp-block-image size-large\"><img loading=\"lazy\" decoding=\"async\" width=\"640\" height=\"427\" data-id=\"616\" src=\"https:\/\/www.kiwanis-em.de\/wp-content\/uploads\/2022\/04\/DSC4939.jpeg\" alt=\"\" class=\"wp-image-616\" srcset=\"https:\/\/www.kiwanis-em.de\/wp-content\/uploads\/2022\/04\/DSC4939.jpeg 640w, https:\/\/www.kiwanis-em.de\/wp-content\/uploads\/2022\/04\/DSC4939-300x200.jpeg 300w\" sizes=\"auto, (max-width: 640px) 100vw, 640px\" \/><\/figure>\n<\/figure>\n\n\n\n<figure class=\"wp-block-gallery has-nested-images columns-default is-cropped wp-block-gallery-3 is-layout-flex wp-block-gallery-is-layout-flex\">\n<figure class=\"wp-block-image size-large\"><img loading=\"lazy\" decoding=\"async\" width=\"768\" height=\"1024\" data-id=\"619\" src=\"https:\/\/www.kiwanis-em.de\/wp-content\/uploads\/2022\/04\/IMG_6040-768x1024.jpg\" alt=\"\" class=\"wp-image-619\" srcset=\"https:\/\/www.kiwanis-em.de\/wp-content\/uploads\/2022\/04\/IMG_6040-768x1024.jpg 768w, https:\/\/www.kiwanis-em.de\/wp-content\/uploads\/2022\/04\/IMG_6040-225x300.jpg 225w, https:\/\/www.kiwanis-em.de\/wp-content\/uploads\/2022\/04\/IMG_6040-1152x1536.jpg 1152w, https:\/\/www.kiwanis-em.de\/wp-content\/uploads\/2022\/04\/IMG_6040-1536x2048.jpg 1536w, https:\/\/www.kiwanis-em.de\/wp-content\/uploads\/2022\/04\/IMG_6040-scaled.jpg 1920w\" sizes=\"auto, (max-width: 768px) 100vw, 768px\" \/><\/figure>\n\n\n\n<figure class=\"wp-block-image size-large\"><img loading=\"lazy\" decoding=\"async\" width=\"768\" height=\"1024\" data-id=\"621\" src=\"https:\/\/www.kiwanis-em.de\/wp-content\/uploads\/2022\/04\/IMG_3131-768x1024.jpg\" alt=\"\" class=\"wp-image-621\" srcset=\"https:\/\/www.kiwanis-em.de\/wp-content\/uploads\/2022\/04\/IMG_3131-768x1024.jpg 768w, https:\/\/www.kiwanis-em.de\/wp-content\/uploads\/2022\/04\/IMG_3131-225x300.jpg 225w, https:\/\/www.kiwanis-em.de\/wp-content\/uploads\/2022\/04\/IMG_3131-1152x1536.jpg 1152w, https:\/\/www.kiwanis-em.de\/wp-content\/uploads\/2022\/04\/IMG_3131-1536x2048.jpg 1536w, https:\/\/www.kiwanis-em.de\/wp-content\/uploads\/2022\/04\/IMG_3131-scaled.jpg 1920w\" sizes=\"auto, (max-width: 768px) 100vw, 768px\" \/><\/figure>\n\n\n\n<figure class=\"wp-block-image size-large\"><img loading=\"lazy\" decoding=\"async\" width=\"768\" height=\"1024\" data-id=\"620\" src=\"https:\/\/www.kiwanis-em.de\/wp-content\/uploads\/2022\/04\/IMG_3030-768x1024.jpg\" alt=\"\" class=\"wp-image-620\" srcset=\"https:\/\/www.kiwanis-em.de\/wp-content\/uploads\/2022\/04\/IMG_3030-768x1024.jpg 768w, https:\/\/www.kiwanis-em.de\/wp-content\/uploads\/2022\/04\/IMG_3030-225x300.jpg 225w, https:\/\/www.kiwanis-em.de\/wp-content\/uploads\/2022\/04\/IMG_3030-1152x1536.jpg 1152w, https:\/\/www.kiwanis-em.de\/wp-content\/uploads\/2022\/04\/IMG_3030-1536x2048.jpg 1536w, https:\/\/www.kiwanis-em.de\/wp-content\/uploads\/2022\/04\/IMG_3030-scaled.jpg 1920w\" sizes=\"auto, (max-width: 768px) 100vw, 768px\" \/><\/figure>\n<\/figure>\n","protected":false},"excerpt":{"rendered":"<p>Kiwanis &amp; Friends present &#8222;One for You&#8220; K\u00fcnstler erschaffen Kraftorte und erspielen Spendenbeitr\u00e4ge f\u00fcr die KIWANIS FERIENSCHULE und die eigene Existenz. Das Kulturleben in Emmendingen&hellip;<\/p>\n","protected":false},"author":1,"featured_media":0,"parent":0,"menu_order":0,"comment_status":"closed","ping_status":"closed","template":"","meta":{"footnotes":""},"class_list":["post-513","page","type-page","status-publish","hentry"],"_links":{"self":[{"href":"https:\/\/www.kiwanis-em.de\/index.php\/wp-json\/wp\/v2\/pages\/513","targetHints":{"allow":["GET"]}}],"collection":[{"href":"https:\/\/www.kiwanis-em.de\/index.php\/wp-json\/wp\/v2\/pages"}],"about":[{"href":"https:\/\/www.kiwanis-em.de\/index.php\/wp-json\/wp\/v2\/types\/page"}],"author":[{"embeddable":true,"href":"https:\/\/www.kiwanis-em.de\/index.php\/wp-json\/wp\/v2\/users\/1"}],"replies":[{"embeddable":true,"href":"https:\/\/www.kiwanis-em.de\/index.php\/wp-json\/wp\/v2\/comments?post=513"}],"version-history":[{"count":17,"href":"https:\/\/www.kiwanis-em.de\/index.php\/wp-json\/wp\/v2\/pages\/513\/revisions"}],"predecessor-version":[{"id":624,"href":"https:\/\/www.kiwanis-em.de\/index.php\/wp-json\/wp\/v2\/pages\/513\/revisions\/624"}],"wp:attachment":[{"href":"https:\/\/www.kiwanis-em.de\/index.php\/wp-json\/wp\/v2\/media?parent=513"}],"curies":[{"name":"wp","href":"https:\/\/api.w.org\/{rel}","templated":true}]}}